{"id":6811,"date":"2025-04-11T13:32:06","date_gmt":"2025-04-11T11:32:06","guid":{"rendered":"https:\/\/shop.die-verkuppler.de\/produkt\/attelage-bmw-i3\/"},"modified":"2025-04-11T13:32:06","modified_gmt":"2025-04-11T11:32:06","slug":"attelage-bmw-i3","status":"publish","type":"product","link":"https:\/\/shop.die-verkuppler.de\/fr\/produkt\/attelage-bmw-i3\/","title":{"rendered":"Attelage BMW i3"},"content":{"rendered":"<p>Pr\u00e9parez votre BMW i3 pour la traction&nbsp;! Notre attelage amovible, sp\u00e9cialement d\u00e9velopp\u00e9 et sp\u00e9cifique au v\u00e9hicule, incluant le faisceau \u00e9lectrique (kit \u00e9lectrique) adapt\u00e9, vous offre une solution s\u00fbre, flexible et confortable \u2013 id\u00e9ale pour un usage urbain comme polyvalent. <\/p>\n<h2 style=\"color: #d6001c;\">\ud83d\udd27 D\u00e9tails produit &amp; donn\u00e9es techniques<\/h2>\n<ul style=\"list-style: none; padding-left: 0;\">\n<li><strong>\ud83d\ude97 V\u00e9hicule&nbsp;:<\/strong> BMW i3 \/ i3s \/ Range Extender<\/li>\n<li>\n \t<\/li>\n<li><strong>\u2696\ufe0f Capacit\u00e9 de traction (frein\u00e9e)&nbsp;:<\/strong> 850&nbsp;kg<\/li>\n<li><strong>\u2696\ufe0f Capacit\u00e9 de traction (non frein\u00e9e)&nbsp;:<\/strong> 750&nbsp;kg<\/li>\n<li><strong>\ud83d\udce6 Charge d\u2019appui&nbsp;:<\/strong> 80&nbsp;kg<\/li>\n<li>\n \t<\/li>\n<li><strong>\ud83d\udd0c Faisceau \u00e9lectrique&nbsp;:<\/strong> En option, parfaitement adapt\u00e9 \u00e0 la BMW i3, facile \u00e0 monter <strong>(Aucune activation logicielle requise)<\/strong><\/li>\n<\/ul>\n<p>Notre conception innovante repose sur un d\u00e9veloppement CAO de pointe, de nombreux essais routiers et des proc\u00e9dures de contr\u00f4le strictes (notamment essais sur banc et essais mono-essieu selon ECE R55). Nous garantissons ainsi les plus hauts standards de s\u00e9curit\u00e9 et une homologation fiable. <\/p>\n<h2 style=\"color: #d6001c;\">\ud83d\udee0\ufe0f Commande simple &amp; options de montage<\/h2>\n<p>Choisissez selon vos besoins&nbsp;:<\/p>\n<div style=\"margin-left: 20px;\">\n<h3 style=\"margin-bottom: 5px; color: #d6001c;\">1. Montage par vos soins<\/h3>\n<ul>\n<li>Commandez le kit de r\u00e9trofit pour une installation en autonomie.<\/li>\n<li>Une notice d\u00e9taill\u00e9e vous accompagne pour un montage dans les r\u00e8gles de l\u2019art.<\/li>\n<\/ul>\n<h3 style=\"margin-bottom: 5px; color: #d6001c;\">2. Montage professionnel<\/h3>\n<ul>\n<li>Faites installer l\u2019attelage par nos techniciens exp\u00e9riment\u00e9s.<\/li>\n<li>Le montage professionnel, contr\u00f4le T\u00dcV inclus, est propos\u00e9 dans nos locaux \u2013 parfait pour celles et ceux qui ne souhaitent pas r\u00e9aliser l\u2019installation eux-m\u00eames. <\/li>\n<\/ul>\n<\/div>\n<h2 style=\"color: #d6001c;\">\ud83d\udcdc Homologation &amp; inscription<\/h2>\n<p>L\u2019attelage <strong>doit<\/strong> \u00eatre inscrit sur les documents du v\u00e9hicule. Le rapport d\u2019expertise n\u00e9cessaire est inclus dans la livraison, et la \u00ab&nbsp;r\u00e9ception \u00e0 titre isol\u00e9&nbsp;\u00bb selon le \u00a721 StVZO est r\u00e9alis\u00e9e par un organisme de contr\u00f4le agr\u00e9\u00e9. Selon la r\u00e9gion, les co\u00fbts se situent g\u00e9n\u00e9ralement entre 100 et 150&nbsp;\u20ac. Si vous optez pour notre montage professionnel, le contr\u00f4le est d\u00e9j\u00e0 inclus dans le prix&nbsp;!   <\/p>\n","protected":false},"excerpt":{"rendered":"<p>L\u2019attelage avec capacit\u00e9 de traction pour la BMW i3 est enfin disponible&nbsp;! Commandez maintenant et d\u00e9marrez tout de suite&nbsp;! <\/p>\n","protected":false},"featured_media":1637,"comment_status":"closed","ping_status":"closed","template":"","meta":[],"product_brand":[],"product_cat":[220],"product_tag":[222],"class_list":{"0":"post-6811","1":"product","2":"type-product","3":"status-publish","4":"has-post-thumbnail","6":"product_cat-attelage","7":"product_tag-voiture","8":"product_shipping_class-attelage","10":"first","11":"instock","12":"taxable","13":"shipping-taxable","14":"purchasable","15":"product-type-variable"},"yoast_head":"<!-- This site is optimized with the Yoast SEO plugin v27.3 - https:\/\/yoast.com\/product\/yoast-seo-wordpress\/ -->\n<title>Attelage BMW i3 - Die Verkuppler<\/title>\n<meta name=\"description\" content=\"Achetez et \u00e9quipez d\u00e8s maintenant un attelage pour votre BMW i3. D\u00e9sormais avec 850\u00a0kg de capacit\u00e9 de traction, faisceau \u00e9lectrique et rapport d\u2019expertise\u00a0! Acheter maintenant\" \/>\n<meta name=\"robots\" content=\"index, follow, max-snippet:-1, max-image-preview:large, max-video-preview:-1\" \/>\n<link rel=\"canonical\" href=\"https:\/\/shop.die-verkuppler.de\/fr\/produkt\/attelage-bmw-i3\/\" \/>\n<meta property=\"og:locale\" content=\"fr_FR\" \/>\n<meta property=\"og:type\" content=\"article\" \/>\n<meta property=\"og:title\" content=\"Attelage BMW i3 - Die Verkuppler\" \/>\n<meta property=\"og:description\" content=\"Achetez et \u00e9quipez d\u00e8s maintenant un attelage pour votre BMW i3. D\u00e9sormais avec 850\u00a0kg de capacit\u00e9 de traction, faisceau \u00e9lectrique et rapport d\u2019expertise\u00a0! Acheter maintenant\" \/>\n<meta property=\"og:url\" content=\"https:\/\/shop.die-verkuppler.de\/fr\/produkt\/attelage-bmw-i3\/\" \/>\n<meta property=\"og:site_name\" content=\"Die Verkuppler\" \/>\n<meta property=\"article:publisher\" content=\"https:\/\/www.facebook.com\/Kraichgau.Autoservice\" \/>\n<meta property=\"og:image\" content=\"https:\/\/shop.die-verkuppler.de\/wp-content\/uploads\/2022\/09\/BMW_i3_Anhaengerkupplung_nachruesten_5370.jpeg\" \/>\n\t<meta property=\"og:image:width\" content=\"4032\" \/>\n\t<meta property=\"og:image:height\" content=\"3024\" \/>\n\t<meta property=\"og:image:type\" content=\"image\/jpeg\" \/>\n<meta name=\"twitter:card\" content=\"summary_large_image\" \/>\n<meta name=\"twitter:label1\" content=\"Availability\" \/>\n\t<meta name=\"twitter:data1\" content=\"In stock\" \/>\n<script type=\"application\/ld+json\" class=\"yoast-schema-graph\">{\"@context\":\"https:\\\/\\\/schema.org\",\"@graph\":[{\"@type\":[\"WebPage\",\"ItemPage\"],\"@id\":\"https:\\\/\\\/shop.die-verkuppler.de\\\/fr\\\/produkt\\\/attelage-bmw-i3\\\/\",\"url\":\"https:\\\/\\\/shop.die-verkuppler.de\\\/fr\\\/produkt\\\/attelage-bmw-i3\\\/\",\"name\":\"Attelage BMW i3 - Die Verkuppler\",\"isPartOf\":{\"@id\":\"https:\\\/\\\/shop.die-verkuppler.de\\\/fr\\\/#website\"},\"primaryImageOfPage\":{\"@id\":\"https:\\\/\\\/shop.die-verkuppler.de\\\/fr\\\/produkt\\\/attelage-bmw-i3\\\/#primaryimage\"},\"image\":{\"@id\":\"https:\\\/\\\/shop.die-verkuppler.de\\\/fr\\\/produkt\\\/attelage-bmw-i3\\\/#primaryimage\"},\"thumbnailUrl\":\"https:\\\/\\\/shop.die-verkuppler.de\\\/wp-content\\\/uploads\\\/2022\\\/09\\\/BMW_i3_Anhaengerkupplung_nachruesten_5370.jpeg\",\"datePublished\":\"2025-04-11T11:32:06+00:00\",\"description\":\"Achetez et \u00e9quipez d\u00e8s maintenant un attelage pour votre BMW i3. D\u00e9sormais avec 850\u00a0kg de capacit\u00e9 de traction, faisceau \u00e9lectrique et rapport d\u2019expertise\u00a0! Acheter maintenant\",\"breadcrumb\":{\"@id\":\"https:\\\/\\\/shop.die-verkuppler.de\\\/fr\\\/produkt\\\/attelage-bmw-i3\\\/#breadcrumb\"},\"inLanguage\":\"fr-FR\",\"potentialAction\":[{\"@type\":\"ReadAction\",\"target\":[\"https:\\\/\\\/shop.die-verkuppler.de\\\/fr\\\/produkt\\\/attelage-bmw-i3\\\/\"]}]},{\"@type\":\"ImageObject\",\"inLanguage\":\"fr-FR\",\"@id\":\"https:\\\/\\\/shop.die-verkuppler.de\\\/fr\\\/produkt\\\/attelage-bmw-i3\\\/#primaryimage\",\"url\":\"https:\\\/\\\/shop.die-verkuppler.de\\\/wp-content\\\/uploads\\\/2022\\\/09\\\/BMW_i3_Anhaengerkupplung_nachruesten_5370.jpeg\",\"contentUrl\":\"https:\\\/\\\/shop.die-verkuppler.de\\\/wp-content\\\/uploads\\\/2022\\\/09\\\/BMW_i3_Anhaengerkupplung_nachruesten_5370.jpeg\",\"width\":4032,\"height\":3024,\"caption\":\"Anh\u00e4ngerkupplung nachr\u00fcsten f\u00fcr BMW I3\"},{\"@type\":\"BreadcrumbList\",\"@id\":\"https:\\\/\\\/shop.die-verkuppler.de\\\/fr\\\/produkt\\\/attelage-bmw-i3\\\/#breadcrumb\",\"itemListElement\":[{\"@type\":\"ListItem\",\"position\":1,\"name\":\"Startseite\",\"item\":\"https:\\\/\\\/shop.die-verkuppler.de\\\/fr\\\/boutique\\\/\"},{\"@type\":\"ListItem\",\"position\":2,\"name\":\"Boutique\",\"item\":\"https:\\\/\\\/shop.die-verkuppler.de\\\/fr\\\/boutique\\\/\"},{\"@type\":\"ListItem\",\"position\":3,\"name\":\"Attelage BMW i3\"}]},{\"@type\":\"WebSite\",\"@id\":\"https:\\\/\\\/shop.die-verkuppler.de\\\/fr\\\/#website\",\"url\":\"https:\\\/\\\/shop.die-verkuppler.de\\\/fr\\\/\",\"name\":\"Die Verkuppler\",\"description\":\"Anh\u00e4ngerkupplung nachr\u00fcsten\",\"publisher\":{\"@id\":\"https:\\\/\\\/shop.die-verkuppler.de\\\/fr\\\/#organization\"},\"potentialAction\":[{\"@type\":\"SearchAction\",\"target\":{\"@type\":\"EntryPoint\",\"urlTemplate\":\"https:\\\/\\\/shop.die-verkuppler.de\\\/fr\\\/?s={search_term_string}\"},\"query-input\":{\"@type\":\"PropertyValueSpecification\",\"valueRequired\":true,\"valueName\":\"search_term_string\"}}],\"inLanguage\":\"fr-FR\"},{\"@type\":\"Organization\",\"@id\":\"https:\\\/\\\/shop.die-verkuppler.de\\\/fr\\\/#organization\",\"name\":\"Autoservice Kraichgau\",\"url\":\"https:\\\/\\\/shop.die-verkuppler.de\\\/fr\\\/\",\"logo\":{\"@type\":\"ImageObject\",\"inLanguage\":\"fr-FR\",\"@id\":\"https:\\\/\\\/shop.die-verkuppler.de\\\/fr\\\/#\\\/schema\\\/logo\\\/image\\\/\",\"url\":\"https:\\\/\\\/die-verkuppler.de\\\/wp-content\\\/uploads\\\/2021\\\/09\\\/visual-text@4x.png\",\"contentUrl\":\"https:\\\/\\\/die-verkuppler.de\\\/wp-content\\\/uploads\\\/2021\\\/09\\\/visual-text@4x.png\",\"width\":1952,\"height\":623,\"caption\":\"Autoservice Kraichgau\"},\"image\":{\"@id\":\"https:\\\/\\\/shop.die-verkuppler.de\\\/fr\\\/#\\\/schema\\\/logo\\\/image\\\/\"},\"sameAs\":[\"https:\\\/\\\/www.facebook.com\\\/Kraichgau.Autoservice\",\"https:\\\/\\\/www.instagram.com\\\/autoservice.kraichgau\",\"https:\\\/\\\/de.linkedin.com\\\/in\\\/jonas-ockert-9a920b1b2\"],\"hasMerchantReturnPolicy\":{\"@type\":\"MerchantReturnPolicy\",\"merchantReturnLink\":\"https:\\\/\\\/shop.die-verkuppler.de\\\/widerruf\\\/\"}}]}<\/script>\n<meta property=\"og:availability\" content=\"instock\" \/>\n<meta property=\"product:availability\" content=\"instock\" \/>\n<meta property=\"product:retailer_item_id\" content=\"BWI3200\" \/>\n<meta property=\"product:condition\" content=\"new\" \/>\n<!-- \/ Yoast SEO plugin. -->","yoast_head_json":{"title":"Attelage BMW i3 - Die Verkuppler","description":"Achetez et \u00e9quipez d\u00e8s maintenant un attelage pour votre BMW i3. D\u00e9sormais avec 850\u00a0kg de capacit\u00e9 de traction, faisceau \u00e9lectrique et rapport d\u2019expertise\u00a0! Acheter maintenant","robots":{"index":"index","follow":"follow","max-snippet":"max-snippet:-1","max-image-preview":"max-image-preview:large","max-video-preview":"max-video-preview:-1"},"canonical":"https:\/\/shop.die-verkuppler.de\/fr\/produkt\/attelage-bmw-i3\/","og_locale":"fr_FR","og_type":"article","og_title":"Attelage BMW i3 - Die Verkuppler","og_description":"Achetez et \u00e9quipez d\u00e8s maintenant un attelage pour votre BMW i3. D\u00e9sormais avec 850\u00a0kg de capacit\u00e9 de traction, faisceau \u00e9lectrique et rapport d\u2019expertise\u00a0! Acheter maintenant","og_url":"https:\/\/shop.die-verkuppler.de\/fr\/produkt\/attelage-bmw-i3\/","og_site_name":"Die Verkuppler","article_publisher":"https:\/\/www.facebook.com\/Kraichgau.Autoservice","og_image":[{"width":4032,"height":3024,"url":"https:\/\/shop.die-verkuppler.de\/wp-content\/uploads\/2022\/09\/BMW_i3_Anhaengerkupplung_nachruesten_5370.jpeg","type":"image\/jpeg"}],"twitter_card":"summary_large_image","twitter_misc":{"Availability":"In stock"},"schema":{"@context":"https:\/\/schema.org","@graph":[{"@type":["WebPage","ItemPage"],"@id":"https:\/\/shop.die-verkuppler.de\/fr\/produkt\/attelage-bmw-i3\/","url":"https:\/\/shop.die-verkuppler.de\/fr\/produkt\/attelage-bmw-i3\/","name":"Attelage BMW i3 - Die Verkuppler","isPartOf":{"@id":"https:\/\/shop.die-verkuppler.de\/fr\/#website"},"primaryImageOfPage":{"@id":"https:\/\/shop.die-verkuppler.de\/fr\/produkt\/attelage-bmw-i3\/#primaryimage"},"image":{"@id":"https:\/\/shop.die-verkuppler.de\/fr\/produkt\/attelage-bmw-i3\/#primaryimage"},"thumbnailUrl":"https:\/\/shop.die-verkuppler.de\/wp-content\/uploads\/2022\/09\/BMW_i3_Anhaengerkupplung_nachruesten_5370.jpeg","datePublished":"2025-04-11T11:32:06+00:00","description":"Achetez et \u00e9quipez d\u00e8s maintenant un attelage pour votre BMW i3. D\u00e9sormais avec 850\u00a0kg de capacit\u00e9 de traction, faisceau \u00e9lectrique et rapport d\u2019expertise\u00a0! Acheter maintenant","breadcrumb":{"@id":"https:\/\/shop.die-verkuppler.de\/fr\/produkt\/attelage-bmw-i3\/#breadcrumb"},"inLanguage":"fr-FR","potentialAction":[{"@type":"ReadAction","target":["https:\/\/shop.die-verkuppler.de\/fr\/produkt\/attelage-bmw-i3\/"]}]},{"@type":"ImageObject","inLanguage":"fr-FR","@id":"https:\/\/shop.die-verkuppler.de\/fr\/produkt\/attelage-bmw-i3\/#primaryimage","url":"https:\/\/shop.die-verkuppler.de\/wp-content\/uploads\/2022\/09\/BMW_i3_Anhaengerkupplung_nachruesten_5370.jpeg","contentUrl":"https:\/\/shop.die-verkuppler.de\/wp-content\/uploads\/2022\/09\/BMW_i3_Anhaengerkupplung_nachruesten_5370.jpeg","width":4032,"height":3024,"caption":"Anh\u00e4ngerkupplung nachr\u00fcsten f\u00fcr BMW I3"},{"@type":"BreadcrumbList","@id":"https:\/\/shop.die-verkuppler.de\/fr\/produkt\/attelage-bmw-i3\/#breadcrumb","itemListElement":[{"@type":"ListItem","position":1,"name":"Startseite","item":"https:\/\/shop.die-verkuppler.de\/fr\/boutique\/"},{"@type":"ListItem","position":2,"name":"Boutique","item":"https:\/\/shop.die-verkuppler.de\/fr\/boutique\/"},{"@type":"ListItem","position":3,"name":"Attelage BMW i3"}]},{"@type":"WebSite","@id":"https:\/\/shop.die-verkuppler.de\/fr\/#website","url":"https:\/\/shop.die-verkuppler.de\/fr\/","name":"Die Verkuppler","description":"Anh\u00e4ngerkupplung nachr\u00fcsten","publisher":{"@id":"https:\/\/shop.die-verkuppler.de\/fr\/#organization"},"potentialAction":[{"@type":"SearchAction","target":{"@type":"EntryPoint","urlTemplate":"https:\/\/shop.die-verkuppler.de\/fr\/?s={search_term_string}"},"query-input":{"@type":"PropertyValueSpecification","valueRequired":true,"valueName":"search_term_string"}}],"inLanguage":"fr-FR"},{"@type":"Organization","@id":"https:\/\/shop.die-verkuppler.de\/fr\/#organization","name":"Autoservice Kraichgau","url":"https:\/\/shop.die-verkuppler.de\/fr\/","logo":{"@type":"ImageObject","inLanguage":"fr-FR","@id":"https:\/\/shop.die-verkuppler.de\/fr\/#\/schema\/logo\/image\/","url":"https:\/\/die-verkuppler.de\/wp-content\/uploads\/2021\/09\/visual-text@4x.png","contentUrl":"https:\/\/die-verkuppler.de\/wp-content\/uploads\/2021\/09\/visual-text@4x.png","width":1952,"height":623,"caption":"Autoservice Kraichgau"},"image":{"@id":"https:\/\/shop.die-verkuppler.de\/fr\/#\/schema\/logo\/image\/"},"sameAs":["https:\/\/www.facebook.com\/Kraichgau.Autoservice","https:\/\/www.instagram.com\/autoservice.kraichgau","https:\/\/de.linkedin.com\/in\/jonas-ockert-9a920b1b2"],"hasMerchantReturnPolicy":{"@type":"MerchantReturnPolicy","merchantReturnLink":"https:\/\/shop.die-verkuppler.de\/widerruf\/"}}]},"og_availability":"instock","product_availability":"instock","product_retailer_item_id":"BWI3200","product_condition":"new"},"jetpack_sharing_enabled":true,"_links":{"self":[{"href":"https:\/\/shop.die-verkuppler.de\/fr\/wp-json\/wp\/v2\/product\/6811","targetHints":{"allow":["GET"]}}],"collection":[{"href":"https:\/\/shop.die-verkuppler.de\/fr\/wp-json\/wp\/v2\/product"}],"about":[{"href":"https:\/\/shop.die-verkuppler.de\/fr\/wp-json\/wp\/v2\/types\/product"}],"replies":[{"embeddable":true,"href":"https:\/\/shop.die-verkuppler.de\/fr\/wp-json\/wp\/v2\/comments?post=6811"}],"wp:featuredmedia":[{"embeddable":true,"href":"https:\/\/shop.die-verkuppler.de\/fr\/wp-json\/wp\/v2\/media\/1637"}],"wp:attachment":[{"href":"https:\/\/shop.die-verkuppler.de\/fr\/wp-json\/wp\/v2\/media?parent=6811"}],"wp:term":[{"taxonomy":"product_brand","embeddable":true,"href":"https:\/\/shop.die-verkuppler.de\/fr\/wp-json\/wp\/v2\/product_brand?post=6811"},{"taxonomy":"product_cat","embeddable":true,"href":"https:\/\/shop.die-verkuppler.de\/fr\/wp-json\/wp\/v2\/product_cat?post=6811"},{"taxonomy":"product_tag","embeddable":true,"href":"https:\/\/shop.die-verkuppler.de\/fr\/wp-json\/wp\/v2\/product_tag?post=6811"}],"curies":[{"name":"wp","href":"https:\/\/api.w.org\/{rel}","templated":true}]}}