{"id":6769,"date":"2025-07-16T17:59:15","date_gmt":"2025-07-16T15:59:15","guid":{"rendered":"https:\/\/shop.die-verkuppler.de\/produkt\/porte-velos-oris-tracc-v2-pour-les-exigences-les-plus-elevees\/"},"modified":"2025-07-16T17:59:15","modified_gmt":"2025-07-16T15:59:15","slug":"porte-velos-oris-tracc-v2-pour-les-exigences-les-plus-elevees","status":"publish","type":"product","link":"https:\/\/shop.die-verkuppler.de\/fr\/produkt\/porte-velos-oris-tracc-v2-pour-les-exigences-les-plus-elevees\/","title":{"rendered":"Porte-v\u00e9los ORIS Tracc V2 \u2013 Pour les exigences les plus \u00e9lev\u00e9es"},"content":{"rendered":"<p data-start=\"216\" data-end=\"543\">Le <strong data-start=\"220\" data-end=\"248\">porte-v\u00e9los ORIS Tracc V2<\/strong> s\u00e9duit en tant que support de haute qualit\u00e9 pour attelage de remorque, avec un design bien pens\u00e9, une manipulation facile et une s\u00e9curit\u00e9 maximale. En tant que <strong data-start=\"384\" data-end=\"416\">vainqueur du test comparatif de l&rsquo;ADAC<\/strong> (note 1,0 en s\u00e9curit\u00e9), il compte parmi les meilleurs syst\u00e8mes de support sur le march\u00e9 \u2013 id\u00e9al pour les v\u00e9los \u00e9lectriques, les v\u00e9los de trekking et les v\u00e9los de ville. <\/p>\n<p data-start=\"545\" data-end=\"912\">Avec une <strong data-start=\"555\" data-end=\"578\">capacit\u00e9 de charge de 60 kg<\/strong>, le Tracc offre de la place pour deux v\u00e9los, est agr\u00e9ablement l\u00e9ger avec un <strong data-start=\"634\" data-end=\"660\">poids propre d&rsquo;environ 17 kg<\/strong> et se monte en quelques secondes gr\u00e2ce \u00e0 son <strong data-start=\"697\" data-end=\"718\">verrouillage rapide<\/strong> et ses pi\u00e8ces pr\u00e9mont\u00e9es. Le <strong data-start=\"790\" data-end=\"812\">m\u00e9canisme de basculement<\/strong> pratique permet d&rsquo;acc\u00e9der au coffre m\u00eame avec le support charg\u00e9 \u2013 parfait pour les breaks, les monospaces et les SUV. <\/p>\n<p data-start=\"914\" data-end=\"1196\">Gr\u00e2ce \u00e0 son <strong data-start=\"919\" data-end=\"939\">design pliable<\/strong>, l&rsquo;ORIS Tracc se range de mani\u00e8re peu encombrante. La <strong data-start=\"994\" data-end=\"1027\">housse de transport incluse<\/strong> offre une protection suppl\u00e9mentaire lors du stockage et du transport. Le support et les v\u00e9los sont <strong data-start=\"1117\" data-end=\"1133\">verrouillables<\/strong>, ce qui assure une s\u00e9curit\u00e9 maximale \u2013 en voyage ou au quotidien.  <\/p>\n<p data-start=\"1198\" data-end=\"1416\">Que ce soit pour un week-end, des vacances ou une utilisation quotidienne : avec le <strong data-start=\"1255\" data-end=\"1295\">porte-v\u00e9los Oris Tracc V2 pour v\u00e9los \u00e9lectriques<\/strong>, vous faites un choix fiable. Commandez-le maintenant en ligne \u2013 <strong data-start=\"1357\" data-end=\"1415\">accessoires inclus &amp; extension optionnelle pour 3 v\u00e9los<\/strong>. <\/p>\n","protected":false},"excerpt":{"rendered":"<p>Laur\u00e9at du test ORIS Tracc V2 Porte-v\u00e9los \u2013 pour 2 v\u00e9los \u00e9lectriques, s\u00fbr, pliable &amp; rabattable. Facile \u00e0 monter, avec sac &amp; protection antivol. Achetez-le maintenant en ligne !  <\/p>\n","protected":false},"featured_media":6003,"comment_status":"closed","ping_status":"closed","template":"","meta":[],"product_brand":[],"product_cat":[243],"product_tag":[229,222],"class_list":{"0":"post-6769","1":"product","2":"type-product","3":"status-publish","4":"has-post-thumbnail","6":"product_cat-porte-velos","7":"product_tag-camping-car","8":"product_tag-voiture","9":"product_shipping_class-pieces-de-rechange","11":"first","12":"instock","13":"sale","14":"taxable","15":"shipping-taxable","16":"purchasable","17":"product-type-simple"},"yoast_head":"<!-- This site is optimized with the Yoast SEO plugin v27.3 - https:\/\/yoast.com\/product\/yoast-seo-wordpress\/ -->\n<title>Porte-v\u00e9los ORIS Tracc V2 \u2013 Pour les exigences les plus \u00e9lev\u00e9es - Die Verkuppler<\/title>\n<meta name=\"description\" content=\"Laur\u00e9at du test ORIS Tracc Porte-v\u00e9los V2 \u2013 pour 2 v\u00e9los \u00e9lectriques, s\u00fbr, pliable &amp; rabattable. Facile \u00e0 monter, avec sac &amp; protection antivol. Achetez-le maintenant en ligne\" \/>\n<meta name=\"robots\" content=\"index, follow, max-snippet:-1, max-image-preview:large, max-video-preview:-1\" \/>\n<link rel=\"canonical\" href=\"https:\/\/shop.die-verkuppler.de\/fr\/produkt\/porte-velos-oris-tracc-v2-pour-les-exigences-les-plus-elevees\/\" \/>\n<meta property=\"og:locale\" content=\"fr_FR\" \/>\n<meta property=\"og:type\" content=\"article\" \/>\n<meta property=\"og:title\" content=\"Porte-v\u00e9los ORIS Tracc V2 \u2013 Pour les exigences les plus \u00e9lev\u00e9es - Die Verkuppler\" \/>\n<meta property=\"og:description\" content=\"Laur\u00e9at du test ORIS Tracc Porte-v\u00e9los V2 \u2013 pour 2 v\u00e9los \u00e9lectriques, s\u00fbr, pliable &amp; rabattable. Facile \u00e0 monter, avec sac &amp; protection antivol. Achetez-le maintenant en ligne\" \/>\n<meta property=\"og:url\" content=\"https:\/\/shop.die-verkuppler.de\/fr\/produkt\/porte-velos-oris-tracc-v2-pour-les-exigences-les-plus-elevees\/\" \/>\n<meta property=\"og:site_name\" content=\"Die Verkuppler\" \/>\n<meta property=\"article:publisher\" content=\"https:\/\/www.facebook.com\/Kraichgau.Autoservice\" \/>\n<meta property=\"og:image\" content=\"https:\/\/shop.die-verkuppler.de\/wp-content\/uploads\/2025\/07\/ORIS_TRACC_FIX4BIKE_PERSP_1-1200x800-2.jpg\" \/>\n\t<meta property=\"og:image:width\" content=\"1200\" \/>\n\t<meta property=\"og:image:height\" content=\"800\" \/>\n\t<meta property=\"og:image:type\" content=\"image\/jpeg\" \/>\n<meta name=\"twitter:card\" content=\"summary_large_image\" \/>\n<meta name=\"twitter:label1\" content=\"Price\" \/>\n\t<meta name=\"twitter:data1\" content=\"469,00&nbsp;&euro;\" \/>\n\t<meta name=\"twitter:label2\" content=\"Availability\" \/>\n\t<meta name=\"twitter:data2\" content=\"In stock\" \/>\n<script type=\"application\/ld+json\" class=\"yoast-schema-graph\">{\"@context\":\"https:\\\/\\\/schema.org\",\"@graph\":[{\"@type\":[\"WebPage\",\"ItemPage\"],\"@id\":\"https:\\\/\\\/shop.die-verkuppler.de\\\/fr\\\/produkt\\\/porte-velos-oris-tracc-v2-pour-les-exigences-les-plus-elevees\\\/\",\"url\":\"https:\\\/\\\/shop.die-verkuppler.de\\\/fr\\\/produkt\\\/porte-velos-oris-tracc-v2-pour-les-exigences-les-plus-elevees\\\/\",\"name\":\"Porte-v\u00e9los ORIS Tracc V2 \u2013 Pour les exigences les plus \u00e9lev\u00e9es - Die Verkuppler\",\"isPartOf\":{\"@id\":\"https:\\\/\\\/shop.die-verkuppler.de\\\/fr\\\/#website\"},\"primaryImageOfPage\":{\"@id\":\"https:\\\/\\\/shop.die-verkuppler.de\\\/fr\\\/produkt\\\/porte-velos-oris-tracc-v2-pour-les-exigences-les-plus-elevees\\\/#primaryimage\"},\"image\":{\"@id\":\"https:\\\/\\\/shop.die-verkuppler.de\\\/fr\\\/produkt\\\/porte-velos-oris-tracc-v2-pour-les-exigences-les-plus-elevees\\\/#primaryimage\"},\"thumbnailUrl\":\"https:\\\/\\\/shop.die-verkuppler.de\\\/wp-content\\\/uploads\\\/2025\\\/07\\\/ORIS_TRACC_FIX4BIKE_PERSP_1-1200x800-2.jpg\",\"datePublished\":\"2025-07-16T15:59:15+00:00\",\"description\":\"Laur\u00e9at du test ORIS Tracc Porte-v\u00e9los V2 \u2013 pour 2 v\u00e9los \u00e9lectriques, s\u00fbr, pliable & rabattable. Facile \u00e0 monter, avec sac & protection antivol. Achetez-le maintenant en ligne\",\"breadcrumb\":{\"@id\":\"https:\\\/\\\/shop.die-verkuppler.de\\\/fr\\\/produkt\\\/porte-velos-oris-tracc-v2-pour-les-exigences-les-plus-elevees\\\/#breadcrumb\"},\"inLanguage\":\"fr-FR\",\"potentialAction\":[{\"@type\":\"ReadAction\",\"target\":[\"https:\\\/\\\/shop.die-verkuppler.de\\\/fr\\\/produkt\\\/porte-velos-oris-tracc-v2-pour-les-exigences-les-plus-elevees\\\/\"]}]},{\"@type\":\"ImageObject\",\"inLanguage\":\"fr-FR\",\"@id\":\"https:\\\/\\\/shop.die-verkuppler.de\\\/fr\\\/produkt\\\/porte-velos-oris-tracc-v2-pour-les-exigences-les-plus-elevees\\\/#primaryimage\",\"url\":\"https:\\\/\\\/shop.die-verkuppler.de\\\/wp-content\\\/uploads\\\/2025\\\/07\\\/ORIS_TRACC_FIX4BIKE_PERSP_1-1200x800-2.jpg\",\"contentUrl\":\"https:\\\/\\\/shop.die-verkuppler.de\\\/wp-content\\\/uploads\\\/2025\\\/07\\\/ORIS_TRACC_FIX4BIKE_PERSP_1-1200x800-2.jpg\",\"width\":1200,\"height\":800,\"caption\":\"Fahrradtr\u00e4ger Oris Tracc\"},{\"@type\":\"BreadcrumbList\",\"@id\":\"https:\\\/\\\/shop.die-verkuppler.de\\\/fr\\\/produkt\\\/porte-velos-oris-tracc-v2-pour-les-exigences-les-plus-elevees\\\/#breadcrumb\",\"itemListElement\":[{\"@type\":\"ListItem\",\"position\":1,\"name\":\"Startseite\",\"item\":\"https:\\\/\\\/shop.die-verkuppler.de\\\/fr\\\/boutique\\\/\"},{\"@type\":\"ListItem\",\"position\":2,\"name\":\"Boutique\",\"item\":\"https:\\\/\\\/shop.die-verkuppler.de\\\/fr\\\/boutique\\\/\"},{\"@type\":\"ListItem\",\"position\":3,\"name\":\"Porte-v\u00e9los ORIS Tracc V2 \u2013 Pour les exigences les plus \u00e9lev\u00e9es\"}]},{\"@type\":\"WebSite\",\"@id\":\"https:\\\/\\\/shop.die-verkuppler.de\\\/fr\\\/#website\",\"url\":\"https:\\\/\\\/shop.die-verkuppler.de\\\/fr\\\/\",\"name\":\"Die Verkuppler\",\"description\":\"Anh\u00e4ngerkupplung nachr\u00fcsten\",\"publisher\":{\"@id\":\"https:\\\/\\\/shop.die-verkuppler.de\\\/fr\\\/#organization\"},\"potentialAction\":[{\"@type\":\"SearchAction\",\"target\":{\"@type\":\"EntryPoint\",\"urlTemplate\":\"https:\\\/\\\/shop.die-verkuppler.de\\\/fr\\\/?s={search_term_string}\"},\"query-input\":{\"@type\":\"PropertyValueSpecification\",\"valueRequired\":true,\"valueName\":\"search_term_string\"}}],\"inLanguage\":\"fr-FR\"},{\"@type\":\"Organization\",\"@id\":\"https:\\\/\\\/shop.die-verkuppler.de\\\/fr\\\/#organization\",\"name\":\"Autoservice Kraichgau\",\"url\":\"https:\\\/\\\/shop.die-verkuppler.de\\\/fr\\\/\",\"logo\":{\"@type\":\"ImageObject\",\"inLanguage\":\"fr-FR\",\"@id\":\"https:\\\/\\\/shop.die-verkuppler.de\\\/fr\\\/#\\\/schema\\\/logo\\\/image\\\/\",\"url\":\"https:\\\/\\\/die-verkuppler.de\\\/wp-content\\\/uploads\\\/2021\\\/09\\\/visual-text@4x.png\",\"contentUrl\":\"https:\\\/\\\/die-verkuppler.de\\\/wp-content\\\/uploads\\\/2021\\\/09\\\/visual-text@4x.png\",\"width\":1952,\"height\":623,\"caption\":\"Autoservice Kraichgau\"},\"image\":{\"@id\":\"https:\\\/\\\/shop.die-verkuppler.de\\\/fr\\\/#\\\/schema\\\/logo\\\/image\\\/\"},\"sameAs\":[\"https:\\\/\\\/www.facebook.com\\\/Kraichgau.Autoservice\",\"https:\\\/\\\/www.instagram.com\\\/autoservice.kraichgau\",\"https:\\\/\\\/de.linkedin.com\\\/in\\\/jonas-ockert-9a920b1b2\"],\"hasMerchantReturnPolicy\":{\"@type\":\"MerchantReturnPolicy\",\"merchantReturnLink\":\"https:\\\/\\\/shop.die-verkuppler.de\\\/widerruf\\\/\"}}]}<\/script>\n<meta property=\"product:price:amount\" content=\"469.00\" \/>\n<meta property=\"product:price:currency\" content=\"EUR\" \/>\n<meta property=\"og:availability\" content=\"instock\" \/>\n<meta property=\"product:availability\" content=\"instock\" \/>\n<meta property=\"product:retailer_item_id\" content=\"DVA10099\" \/>\n<meta property=\"product:condition\" content=\"new\" \/>\n<!-- \/ Yoast SEO plugin. -->","yoast_head_json":{"title":"Porte-v\u00e9los ORIS Tracc V2 \u2013 Pour les exigences les plus \u00e9lev\u00e9es - Die Verkuppler","description":"Laur\u00e9at du test ORIS Tracc Porte-v\u00e9los V2 \u2013 pour 2 v\u00e9los \u00e9lectriques, s\u00fbr, pliable & rabattable. Facile \u00e0 monter, avec sac & protection antivol. Achetez-le maintenant en ligne","robots":{"index":"index","follow":"follow","max-snippet":"max-snippet:-1","max-image-preview":"max-image-preview:large","max-video-preview":"max-video-preview:-1"},"canonical":"https:\/\/shop.die-verkuppler.de\/fr\/produkt\/porte-velos-oris-tracc-v2-pour-les-exigences-les-plus-elevees\/","og_locale":"fr_FR","og_type":"article","og_title":"Porte-v\u00e9los ORIS Tracc V2 \u2013 Pour les exigences les plus \u00e9lev\u00e9es - Die Verkuppler","og_description":"Laur\u00e9at du test ORIS Tracc Porte-v\u00e9los V2 \u2013 pour 2 v\u00e9los \u00e9lectriques, s\u00fbr, pliable & rabattable. Facile \u00e0 monter, avec sac & protection antivol. Achetez-le maintenant en ligne","og_url":"https:\/\/shop.die-verkuppler.de\/fr\/produkt\/porte-velos-oris-tracc-v2-pour-les-exigences-les-plus-elevees\/","og_site_name":"Die Verkuppler","article_publisher":"https:\/\/www.facebook.com\/Kraichgau.Autoservice","og_image":[{"width":1200,"height":800,"url":"https:\/\/shop.die-verkuppler.de\/wp-content\/uploads\/2025\/07\/ORIS_TRACC_FIX4BIKE_PERSP_1-1200x800-2.jpg","type":"image\/jpeg"}],"twitter_card":"summary_large_image","twitter_misc":{"Price":"469,00&nbsp;&euro;","Availability":"In stock"},"schema":{"@context":"https:\/\/schema.org","@graph":[{"@type":["WebPage","ItemPage"],"@id":"https:\/\/shop.die-verkuppler.de\/fr\/produkt\/porte-velos-oris-tracc-v2-pour-les-exigences-les-plus-elevees\/","url":"https:\/\/shop.die-verkuppler.de\/fr\/produkt\/porte-velos-oris-tracc-v2-pour-les-exigences-les-plus-elevees\/","name":"Porte-v\u00e9los ORIS Tracc V2 \u2013 Pour les exigences les plus \u00e9lev\u00e9es - Die Verkuppler","isPartOf":{"@id":"https:\/\/shop.die-verkuppler.de\/fr\/#website"},"primaryImageOfPage":{"@id":"https:\/\/shop.die-verkuppler.de\/fr\/produkt\/porte-velos-oris-tracc-v2-pour-les-exigences-les-plus-elevees\/#primaryimage"},"image":{"@id":"https:\/\/shop.die-verkuppler.de\/fr\/produkt\/porte-velos-oris-tracc-v2-pour-les-exigences-les-plus-elevees\/#primaryimage"},"thumbnailUrl":"https:\/\/shop.die-verkuppler.de\/wp-content\/uploads\/2025\/07\/ORIS_TRACC_FIX4BIKE_PERSP_1-1200x800-2.jpg","datePublished":"2025-07-16T15:59:15+00:00","description":"Laur\u00e9at du test ORIS Tracc Porte-v\u00e9los V2 \u2013 pour 2 v\u00e9los \u00e9lectriques, s\u00fbr, pliable & rabattable. Facile \u00e0 monter, avec sac & protection antivol. Achetez-le maintenant en ligne","breadcrumb":{"@id":"https:\/\/shop.die-verkuppler.de\/fr\/produkt\/porte-velos-oris-tracc-v2-pour-les-exigences-les-plus-elevees\/#breadcrumb"},"inLanguage":"fr-FR","potentialAction":[{"@type":"ReadAction","target":["https:\/\/shop.die-verkuppler.de\/fr\/produkt\/porte-velos-oris-tracc-v2-pour-les-exigences-les-plus-elevees\/"]}]},{"@type":"ImageObject","inLanguage":"fr-FR","@id":"https:\/\/shop.die-verkuppler.de\/fr\/produkt\/porte-velos-oris-tracc-v2-pour-les-exigences-les-plus-elevees\/#primaryimage","url":"https:\/\/shop.die-verkuppler.de\/wp-content\/uploads\/2025\/07\/ORIS_TRACC_FIX4BIKE_PERSP_1-1200x800-2.jpg","contentUrl":"https:\/\/shop.die-verkuppler.de\/wp-content\/uploads\/2025\/07\/ORIS_TRACC_FIX4BIKE_PERSP_1-1200x800-2.jpg","width":1200,"height":800,"caption":"Fahrradtr\u00e4ger Oris Tracc"},{"@type":"BreadcrumbList","@id":"https:\/\/shop.die-verkuppler.de\/fr\/produkt\/porte-velos-oris-tracc-v2-pour-les-exigences-les-plus-elevees\/#breadcrumb","itemListElement":[{"@type":"ListItem","position":1,"name":"Startseite","item":"https:\/\/shop.die-verkuppler.de\/fr\/boutique\/"},{"@type":"ListItem","position":2,"name":"Boutique","item":"https:\/\/shop.die-verkuppler.de\/fr\/boutique\/"},{"@type":"ListItem","position":3,"name":"Porte-v\u00e9los ORIS Tracc V2 \u2013 Pour les exigences les plus \u00e9lev\u00e9es"}]},{"@type":"WebSite","@id":"https:\/\/shop.die-verkuppler.de\/fr\/#website","url":"https:\/\/shop.die-verkuppler.de\/fr\/","name":"Die Verkuppler","description":"Anh\u00e4ngerkupplung nachr\u00fcsten","publisher":{"@id":"https:\/\/shop.die-verkuppler.de\/fr\/#organization"},"potentialAction":[{"@type":"SearchAction","target":{"@type":"EntryPoint","urlTemplate":"https:\/\/shop.die-verkuppler.de\/fr\/?s={search_term_string}"},"query-input":{"@type":"PropertyValueSpecification","valueRequired":true,"valueName":"search_term_string"}}],"inLanguage":"fr-FR"},{"@type":"Organization","@id":"https:\/\/shop.die-verkuppler.de\/fr\/#organization","name":"Autoservice Kraichgau","url":"https:\/\/shop.die-verkuppler.de\/fr\/","logo":{"@type":"ImageObject","inLanguage":"fr-FR","@id":"https:\/\/shop.die-verkuppler.de\/fr\/#\/schema\/logo\/image\/","url":"https:\/\/die-verkuppler.de\/wp-content\/uploads\/2021\/09\/visual-text@4x.png","contentUrl":"https:\/\/die-verkuppler.de\/wp-content\/uploads\/2021\/09\/visual-text@4x.png","width":1952,"height":623,"caption":"Autoservice Kraichgau"},"image":{"@id":"https:\/\/shop.die-verkuppler.de\/fr\/#\/schema\/logo\/image\/"},"sameAs":["https:\/\/www.facebook.com\/Kraichgau.Autoservice","https:\/\/www.instagram.com\/autoservice.kraichgau","https:\/\/de.linkedin.com\/in\/jonas-ockert-9a920b1b2"],"hasMerchantReturnPolicy":{"@type":"MerchantReturnPolicy","merchantReturnLink":"https:\/\/shop.die-verkuppler.de\/widerruf\/"}}]},"product_price_amount":"469.00","product_price_currency":"EUR","og_availability":"instock","product_availability":"instock","product_retailer_item_id":"DVA10099","product_condition":"new"},"jetpack_sharing_enabled":true,"_links":{"self":[{"href":"https:\/\/shop.die-verkuppler.de\/fr\/wp-json\/wp\/v2\/product\/6769","targetHints":{"allow":["GET"]}}],"collection":[{"href":"https:\/\/shop.die-verkuppler.de\/fr\/wp-json\/wp\/v2\/product"}],"about":[{"href":"https:\/\/shop.die-verkuppler.de\/fr\/wp-json\/wp\/v2\/types\/product"}],"replies":[{"embeddable":true,"href":"https:\/\/shop.die-verkuppler.de\/fr\/wp-json\/wp\/v2\/comments?post=6769"}],"wp:featuredmedia":[{"embeddable":true,"href":"https:\/\/shop.die-verkuppler.de\/fr\/wp-json\/wp\/v2\/media\/6003"}],"wp:attachment":[{"href":"https:\/\/shop.die-verkuppler.de\/fr\/wp-json\/wp\/v2\/media?parent=6769"}],"wp:term":[{"taxonomy":"product_brand","embeddable":true,"href":"https:\/\/shop.die-verkuppler.de\/fr\/wp-json\/wp\/v2\/product_brand?post=6769"},{"taxonomy":"product_cat","embeddable":true,"href":"https:\/\/shop.die-verkuppler.de\/fr\/wp-json\/wp\/v2\/product_cat?post=6769"},{"taxonomy":"product_tag","embeddable":true,"href":"https:\/\/shop.die-verkuppler.de\/fr\/wp-json\/wp\/v2\/product_tag?post=6769"}],"curies":[{"name":"wp","href":"https:\/\/api.w.org\/{rel}","templated":true}]}}