{"id":6736,"date":"2025-11-03T15:04:57","date_gmt":"2025-11-03T14:04:57","guid":{"rendered":"https:\/\/shop.die-verkuppler.de\/produkt\/attelage-cupra-born\/"},"modified":"2025-11-03T15:04:57","modified_gmt":"2025-11-03T14:04:57","slug":"attelage-cupra-born","status":"publish","type":"product","link":"https:\/\/shop.die-verkuppler.de\/fr\/produkt\/attelage-cupra-born\/","title":{"rendered":"Attelage Cupra Born"},"content":{"rendered":"<p>\u00c9quipez votre Cupra Born pour le remorquage ! Notre attelage amovible sp\u00e9cifiquement d\u00e9velopp\u00e9 pour votre v\u00e9hicule, incluant le kit \u00e9lectrique adapt\u00e9 (faisceau \u00e9lectrique), vous offre une solution s\u00fbre, flexible et confortable \u2013 id\u00e9ale pour une mobilit\u00e9 urbaine et polyvalente. <\/p>\n<h2 style=\"color: #d6001c;\">\ud83d\udd27 D\u00e9tails du produit &amp; Caract\u00e9ristiques techniques<\/h2>\n<ul style=\"padding-left: 0;\">\n<li><strong>\ud83d\ude97 V\u00e9hicule :<\/strong> Cupra Born (Cupra Born VZ)<\/li>\n<li>\n \t<\/li>\n<li><strong>\u2696\ufe0f Charge tractable (frein\u00e9e) :<\/strong> 1 500 kg<\/li>\n<li><strong>\u2696\ufe0f Charge tractable (non frein\u00e9e) :<\/strong> 750 kg<\/li>\n<li><strong>\ud83d\udce6 Charge sur fl\u00e8che :<\/strong> 75 kg<\/li>\n<li>\n \t<\/li>\n<li><strong>\ud83d\udd0c Kit \u00e9lectrique :<\/strong> En option, parfaitement adapt\u00e9 au Cupra Born, facile \u00e0 monter<\/li>\n<\/ul>\n<p>Notre conception innovante repose sur un d\u00e9veloppement CAO de pointe, des essais routiers approfondis et des proc\u00e9dures de contr\u00f4le rigoureuses (notamment des essais sur banc d&rsquo;essai et essais monoaxiaux selon ECE R55). Nous garantissons ainsi les normes de s\u00e9curit\u00e9 les plus \u00e9lev\u00e9es ainsi qu&rsquo;une homologation fiable. <\/p>\n<h2 style=\"color: #d6001c;\">\ud83d\udee0\ufe0f Commande simple &amp; Options de montage<\/h2>\n<p>Choisissez selon vos besoins :<\/p>\n<div style=\"margin-left: 20px;\">\n<h3 style=\"margin-bottom: 5px; color: #d6001c;\">1. Montage personnel<\/h3>\n<ul>\n<li>Commandez le kit de montage pour une installation autonome.<\/li>\n<li>Un manuel d\u00e9taill\u00e9 vous accompagne pour un montage conforme.<\/li>\n<\/ul>\n<h3 style=\"margin-bottom: 5px; color: #d6001c;\">2. Montage professionnel<\/h3>\n<ul>\n<li>Faites installer l&rsquo;attelage par nos techniciens exp\u00e9riment\u00e9s.<\/li>\n<li>Le montage professionnel incluant la r\u00e9ception T\u00dcV est propos\u00e9 dans notre \u00e9tablissement \u2013 parfait pour tous ceux qui ne souhaitent pas effectuer l&rsquo;installation eux-m\u00eames. <\/li>\n<\/ul>\n<\/div>\n<h2 style=\"color: #d6001c;\">\ud83d\udcdc Homologation &amp; Enregistrement<\/h2>\n<p>L&rsquo;attelage <strong>doit<\/strong> \u00eatre inscrit dans les papiers du v\u00e9hicule. Le certificat n\u00e9cessaire \u00e0 cet effet est inclus dans la livraison, et la \u00ab r\u00e9ception individuelle \u00bb selon \u00a721 StVZO est effectu\u00e9e par un organisme de contr\u00f4le agr\u00e9\u00e9. Des frais compris entre 100 et 150 \u20ac sont g\u00e9n\u00e9ralement appliqu\u00e9s selon les r\u00e9gions. Si vous optez pour notre installation professionnelle, le contr\u00f4le est d\u00e9j\u00e0 inclus dans le prix !   <\/p>\n","protected":false},"excerpt":{"rendered":"<p>L&rsquo;attelage avec charge remorquable pour le Cupra Born est enfin disponible ! Commandez maintenant et d\u00e9marrez imm\u00e9diatement ! <\/p>\n","protected":false},"featured_media":6042,"comment_status":"closed","ping_status":"closed","template":"","meta":[],"product_brand":[],"product_cat":[220],"product_tag":[222],"class_list":{"0":"post-6736","1":"product","2":"type-product","3":"status-publish","4":"has-post-thumbnail","6":"product_cat-attelage","7":"product_tag-voiture","8":"product_shipping_class-attelage","10":"first","11":"instock","12":"sale","13":"taxable","14":"shipping-taxable","15":"purchasable","16":"product-type-variable"},"yoast_head":"<!-- This site is optimized with the Yoast SEO plugin v27.3 - https:\/\/yoast.com\/product\/yoast-seo-wordpress\/ -->\n<title>Attelage Cupra Born - Die Verkuppler<\/title>\n<meta name=\"description\" content=\"Achetez et installez d\u00e8s maintenant un attelage pour votre Cupra Born. Maintenant avec 1500 kg de charge remorquable, kit \u00e9lectrique et certificat ! Acheter maintenant\" \/>\n<meta name=\"robots\" content=\"index, follow, max-snippet:-1, max-image-preview:large, max-video-preview:-1\" \/>\n<link rel=\"canonical\" href=\"https:\/\/shop.die-verkuppler.de\/fr\/produkt\/attelage-cupra-born\/\" \/>\n<meta property=\"og:locale\" content=\"fr_FR\" \/>\n<meta property=\"og:type\" content=\"article\" \/>\n<meta property=\"og:title\" content=\"Attelage Cupra Born - Die Verkuppler\" \/>\n<meta property=\"og:description\" content=\"Achetez et installez d\u00e8s maintenant un attelage pour votre Cupra Born. Maintenant avec 1500 kg de charge remorquable, kit \u00e9lectrique et certificat ! Acheter maintenant\" \/>\n<meta property=\"og:url\" content=\"https:\/\/shop.die-verkuppler.de\/fr\/produkt\/attelage-cupra-born\/\" \/>\n<meta property=\"og:site_name\" content=\"Die Verkuppler\" \/>\n<meta property=\"article:publisher\" content=\"https:\/\/www.facebook.com\/Kraichgau.Autoservice\" \/>\n<meta property=\"og:image\" content=\"https:\/\/shop.die-verkuppler.de\/wp-content\/uploads\/2025\/11\/VW_ID3_Anhaengerkupplung_nachruesten_7875-2-1024x768.jpg\" \/>\n\t<meta property=\"og:image:width\" content=\"1024\" \/>\n\t<meta property=\"og:image:height\" content=\"768\" \/>\n\t<meta property=\"og:image:type\" content=\"image\/jpeg\" \/>\n<meta name=\"twitter:card\" content=\"summary_large_image\" \/>\n<meta name=\"twitter:label1\" content=\"Availability\" \/>\n\t<meta name=\"twitter:data1\" content=\"In stock\" \/>\n<script type=\"application\/ld+json\" class=\"yoast-schema-graph\">{\"@context\":\"https:\\\/\\\/schema.org\",\"@graph\":[{\"@type\":[\"WebPage\",\"ItemPage\"],\"@id\":\"https:\\\/\\\/shop.die-verkuppler.de\\\/fr\\\/produkt\\\/attelage-cupra-born\\\/\",\"url\":\"https:\\\/\\\/shop.die-verkuppler.de\\\/fr\\\/produkt\\\/attelage-cupra-born\\\/\",\"name\":\"Attelage Cupra Born - Die Verkuppler\",\"isPartOf\":{\"@id\":\"https:\\\/\\\/shop.die-verkuppler.de\\\/fr\\\/#website\"},\"primaryImageOfPage\":{\"@id\":\"https:\\\/\\\/shop.die-verkuppler.de\\\/fr\\\/produkt\\\/attelage-cupra-born\\\/#primaryimage\"},\"image\":{\"@id\":\"https:\\\/\\\/shop.die-verkuppler.de\\\/fr\\\/produkt\\\/attelage-cupra-born\\\/#primaryimage\"},\"thumbnailUrl\":\"https:\\\/\\\/shop.die-verkuppler.de\\\/wp-content\\\/uploads\\\/2025\\\/11\\\/VW_ID3_Anhaengerkupplung_nachruesten_7875-2.jpg\",\"datePublished\":\"2025-11-03T14:04:57+00:00\",\"description\":\"Achetez et installez d\u00e8s maintenant un attelage pour votre Cupra Born. Maintenant avec 1500 kg de charge remorquable, kit \u00e9lectrique et certificat ! Acheter maintenant\",\"breadcrumb\":{\"@id\":\"https:\\\/\\\/shop.die-verkuppler.de\\\/fr\\\/produkt\\\/attelage-cupra-born\\\/#breadcrumb\"},\"inLanguage\":\"fr-FR\",\"potentialAction\":[{\"@type\":\"ReadAction\",\"target\":[\"https:\\\/\\\/shop.die-verkuppler.de\\\/fr\\\/produkt\\\/attelage-cupra-born\\\/\"]}]},{\"@type\":\"ImageObject\",\"inLanguage\":\"fr-FR\",\"@id\":\"https:\\\/\\\/shop.die-verkuppler.de\\\/fr\\\/produkt\\\/attelage-cupra-born\\\/#primaryimage\",\"url\":\"https:\\\/\\\/shop.die-verkuppler.de\\\/wp-content\\\/uploads\\\/2025\\\/11\\\/VW_ID3_Anhaengerkupplung_nachruesten_7875-2.jpg\",\"contentUrl\":\"https:\\\/\\\/shop.die-verkuppler.de\\\/wp-content\\\/uploads\\\/2025\\\/11\\\/VW_ID3_Anhaengerkupplung_nachruesten_7875-2.jpg\",\"width\":4032,\"height\":3024,\"caption\":\"VW ID.3 Anh\u00e4ngerkupplung\"},{\"@type\":\"BreadcrumbList\",\"@id\":\"https:\\\/\\\/shop.die-verkuppler.de\\\/fr\\\/produkt\\\/attelage-cupra-born\\\/#breadcrumb\",\"itemListElement\":[{\"@type\":\"ListItem\",\"position\":1,\"name\":\"Startseite\",\"item\":\"https:\\\/\\\/shop.die-verkuppler.de\\\/fr\\\/boutique\\\/\"},{\"@type\":\"ListItem\",\"position\":2,\"name\":\"Boutique\",\"item\":\"https:\\\/\\\/shop.die-verkuppler.de\\\/fr\\\/boutique\\\/\"},{\"@type\":\"ListItem\",\"position\":3,\"name\":\"Attelage Cupra Born\"}]},{\"@type\":\"WebSite\",\"@id\":\"https:\\\/\\\/shop.die-verkuppler.de\\\/fr\\\/#website\",\"url\":\"https:\\\/\\\/shop.die-verkuppler.de\\\/fr\\\/\",\"name\":\"Die Verkuppler\",\"description\":\"Anh\u00e4ngerkupplung nachr\u00fcsten\",\"publisher\":{\"@id\":\"https:\\\/\\\/shop.die-verkuppler.de\\\/fr\\\/#organization\"},\"potentialAction\":[{\"@type\":\"SearchAction\",\"target\":{\"@type\":\"EntryPoint\",\"urlTemplate\":\"https:\\\/\\\/shop.die-verkuppler.de\\\/fr\\\/?s={search_term_string}\"},\"query-input\":{\"@type\":\"PropertyValueSpecification\",\"valueRequired\":true,\"valueName\":\"search_term_string\"}}],\"inLanguage\":\"fr-FR\"},{\"@type\":\"Organization\",\"@id\":\"https:\\\/\\\/shop.die-verkuppler.de\\\/fr\\\/#organization\",\"name\":\"Autoservice Kraichgau\",\"url\":\"https:\\\/\\\/shop.die-verkuppler.de\\\/fr\\\/\",\"logo\":{\"@type\":\"ImageObject\",\"inLanguage\":\"fr-FR\",\"@id\":\"https:\\\/\\\/shop.die-verkuppler.de\\\/fr\\\/#\\\/schema\\\/logo\\\/image\\\/\",\"url\":\"https:\\\/\\\/die-verkuppler.de\\\/wp-content\\\/uploads\\\/2021\\\/09\\\/visual-text@4x.png\",\"contentUrl\":\"https:\\\/\\\/die-verkuppler.de\\\/wp-content\\\/uploads\\\/2021\\\/09\\\/visual-text@4x.png\",\"width\":1952,\"height\":623,\"caption\":\"Autoservice Kraichgau\"},\"image\":{\"@id\":\"https:\\\/\\\/shop.die-verkuppler.de\\\/fr\\\/#\\\/schema\\\/logo\\\/image\\\/\"},\"sameAs\":[\"https:\\\/\\\/www.facebook.com\\\/Kraichgau.Autoservice\",\"https:\\\/\\\/www.instagram.com\\\/autoservice.kraichgau\",\"https:\\\/\\\/de.linkedin.com\\\/in\\\/jonas-ockert-9a920b1b2\"],\"hasMerchantReturnPolicy\":{\"@type\":\"MerchantReturnPolicy\",\"merchantReturnLink\":\"https:\\\/\\\/shop.die-verkuppler.de\\\/widerruf\\\/\"}}]}<\/script>\n<meta property=\"og:availability\" content=\"instock\" \/>\n<meta property=\"product:availability\" content=\"instock\" \/>\n<meta property=\"product:retailer_item_id\" content=\"BWI3200-1\" \/>\n<meta property=\"product:condition\" content=\"new\" \/>\n<!-- \/ Yoast SEO plugin. -->","yoast_head_json":{"title":"Attelage Cupra Born - Die Verkuppler","description":"Achetez et installez d\u00e8s maintenant un attelage pour votre Cupra Born. Maintenant avec 1500 kg de charge remorquable, kit \u00e9lectrique et certificat ! Acheter maintenant","robots":{"index":"index","follow":"follow","max-snippet":"max-snippet:-1","max-image-preview":"max-image-preview:large","max-video-preview":"max-video-preview:-1"},"canonical":"https:\/\/shop.die-verkuppler.de\/fr\/produkt\/attelage-cupra-born\/","og_locale":"fr_FR","og_type":"article","og_title":"Attelage Cupra Born - Die Verkuppler","og_description":"Achetez et installez d\u00e8s maintenant un attelage pour votre Cupra Born. Maintenant avec 1500 kg de charge remorquable, kit \u00e9lectrique et certificat ! Acheter maintenant","og_url":"https:\/\/shop.die-verkuppler.de\/fr\/produkt\/attelage-cupra-born\/","og_site_name":"Die Verkuppler","article_publisher":"https:\/\/www.facebook.com\/Kraichgau.Autoservice","og_image":[{"width":1024,"height":768,"url":"https:\/\/shop.die-verkuppler.de\/wp-content\/uploads\/2025\/11\/VW_ID3_Anhaengerkupplung_nachruesten_7875-2-1024x768.jpg","type":"image\/jpeg"}],"twitter_card":"summary_large_image","twitter_misc":{"Availability":"In stock"},"schema":{"@context":"https:\/\/schema.org","@graph":[{"@type":["WebPage","ItemPage"],"@id":"https:\/\/shop.die-verkuppler.de\/fr\/produkt\/attelage-cupra-born\/","url":"https:\/\/shop.die-verkuppler.de\/fr\/produkt\/attelage-cupra-born\/","name":"Attelage Cupra Born - Die Verkuppler","isPartOf":{"@id":"https:\/\/shop.die-verkuppler.de\/fr\/#website"},"primaryImageOfPage":{"@id":"https:\/\/shop.die-verkuppler.de\/fr\/produkt\/attelage-cupra-born\/#primaryimage"},"image":{"@id":"https:\/\/shop.die-verkuppler.de\/fr\/produkt\/attelage-cupra-born\/#primaryimage"},"thumbnailUrl":"https:\/\/shop.die-verkuppler.de\/wp-content\/uploads\/2025\/11\/VW_ID3_Anhaengerkupplung_nachruesten_7875-2.jpg","datePublished":"2025-11-03T14:04:57+00:00","description":"Achetez et installez d\u00e8s maintenant un attelage pour votre Cupra Born. Maintenant avec 1500 kg de charge remorquable, kit \u00e9lectrique et certificat ! Acheter maintenant","breadcrumb":{"@id":"https:\/\/shop.die-verkuppler.de\/fr\/produkt\/attelage-cupra-born\/#breadcrumb"},"inLanguage":"fr-FR","potentialAction":[{"@type":"ReadAction","target":["https:\/\/shop.die-verkuppler.de\/fr\/produkt\/attelage-cupra-born\/"]}]},{"@type":"ImageObject","inLanguage":"fr-FR","@id":"https:\/\/shop.die-verkuppler.de\/fr\/produkt\/attelage-cupra-born\/#primaryimage","url":"https:\/\/shop.die-verkuppler.de\/wp-content\/uploads\/2025\/11\/VW_ID3_Anhaengerkupplung_nachruesten_7875-2.jpg","contentUrl":"https:\/\/shop.die-verkuppler.de\/wp-content\/uploads\/2025\/11\/VW_ID3_Anhaengerkupplung_nachruesten_7875-2.jpg","width":4032,"height":3024,"caption":"VW ID.3 Anh\u00e4ngerkupplung"},{"@type":"BreadcrumbList","@id":"https:\/\/shop.die-verkuppler.de\/fr\/produkt\/attelage-cupra-born\/#breadcrumb","itemListElement":[{"@type":"ListItem","position":1,"name":"Startseite","item":"https:\/\/shop.die-verkuppler.de\/fr\/boutique\/"},{"@type":"ListItem","position":2,"name":"Boutique","item":"https:\/\/shop.die-verkuppler.de\/fr\/boutique\/"},{"@type":"ListItem","position":3,"name":"Attelage Cupra Born"}]},{"@type":"WebSite","@id":"https:\/\/shop.die-verkuppler.de\/fr\/#website","url":"https:\/\/shop.die-verkuppler.de\/fr\/","name":"Die Verkuppler","description":"Anh\u00e4ngerkupplung nachr\u00fcsten","publisher":{"@id":"https:\/\/shop.die-verkuppler.de\/fr\/#organization"},"potentialAction":[{"@type":"SearchAction","target":{"@type":"EntryPoint","urlTemplate":"https:\/\/shop.die-verkuppler.de\/fr\/?s={search_term_string}"},"query-input":{"@type":"PropertyValueSpecification","valueRequired":true,"valueName":"search_term_string"}}],"inLanguage":"fr-FR"},{"@type":"Organization","@id":"https:\/\/shop.die-verkuppler.de\/fr\/#organization","name":"Autoservice Kraichgau","url":"https:\/\/shop.die-verkuppler.de\/fr\/","logo":{"@type":"ImageObject","inLanguage":"fr-FR","@id":"https:\/\/shop.die-verkuppler.de\/fr\/#\/schema\/logo\/image\/","url":"https:\/\/die-verkuppler.de\/wp-content\/uploads\/2021\/09\/visual-text@4x.png","contentUrl":"https:\/\/die-verkuppler.de\/wp-content\/uploads\/2021\/09\/visual-text@4x.png","width":1952,"height":623,"caption":"Autoservice Kraichgau"},"image":{"@id":"https:\/\/shop.die-verkuppler.de\/fr\/#\/schema\/logo\/image\/"},"sameAs":["https:\/\/www.facebook.com\/Kraichgau.Autoservice","https:\/\/www.instagram.com\/autoservice.kraichgau","https:\/\/de.linkedin.com\/in\/jonas-ockert-9a920b1b2"],"hasMerchantReturnPolicy":{"@type":"MerchantReturnPolicy","merchantReturnLink":"https:\/\/shop.die-verkuppler.de\/widerruf\/"}}]},"og_availability":"instock","product_availability":"instock","product_retailer_item_id":"BWI3200-1","product_condition":"new"},"jetpack_sharing_enabled":true,"_links":{"self":[{"href":"https:\/\/shop.die-verkuppler.de\/fr\/wp-json\/wp\/v2\/product\/6736","targetHints":{"allow":["GET"]}}],"collection":[{"href":"https:\/\/shop.die-verkuppler.de\/fr\/wp-json\/wp\/v2\/product"}],"about":[{"href":"https:\/\/shop.die-verkuppler.de\/fr\/wp-json\/wp\/v2\/types\/product"}],"replies":[{"embeddable":true,"href":"https:\/\/shop.die-verkuppler.de\/fr\/wp-json\/wp\/v2\/comments?post=6736"}],"wp:featuredmedia":[{"embeddable":true,"href":"https:\/\/shop.die-verkuppler.de\/fr\/wp-json\/wp\/v2\/media\/6042"}],"wp:attachment":[{"href":"https:\/\/shop.die-verkuppler.de\/fr\/wp-json\/wp\/v2\/media?parent=6736"}],"wp:term":[{"taxonomy":"product_brand","embeddable":true,"href":"https:\/\/shop.die-verkuppler.de\/fr\/wp-json\/wp\/v2\/product_brand?post=6736"},{"taxonomy":"product_cat","embeddable":true,"href":"https:\/\/shop.die-verkuppler.de\/fr\/wp-json\/wp\/v2\/product_cat?post=6736"},{"taxonomy":"product_tag","embeddable":true,"href":"https:\/\/shop.die-verkuppler.de\/fr\/wp-json\/wp\/v2\/product_tag?post=6736"}],"curies":[{"name":"wp","href":"https:\/\/api.w.org\/{rel}","templated":true}]}}