{"id":6676,"date":"2026-02-06T01:25:51","date_gmt":"2026-02-06T00:25:51","guid":{"rendered":"https:\/\/shop.die-verkuppler.de\/produkt\/attelage-pour-camping-car-et-faisceau-electrique\/"},"modified":"2026-04-02T01:41:53","modified_gmt":"2026-04-01T23:41:53","slug":"attelage-pour-camping-car-et-faisceau-electrique","status":"publish","type":"product","link":"https:\/\/shop.die-verkuppler.de\/fr\/produkt\/attelage-pour-camping-car-et-faisceau-electrique\/","title":{"rendered":"Attelage pour camping-car et faisceau \u00e9lectrique"},"content":{"rendered":"<h2>Toujours l\u2019attelage id\u00e9al pour votre camping-car.<\/h2>\n<p>En tant qu\u2019un des plus grands sp\u00e9cialistes de la seconde monte d\u2019attelages et de rallonges de ch\u00e2ssis pour camping-cars, nous vous offrons toujours le produit le mieux adapt\u00e9 \u00e0 votre v\u00e9hicule en termes de qualit\u00e9 et de montage.<\/p>\n<p>Outre l\u2019attelage, disponible en version fixe ou amovible, vous pouvez \u00e9galement commander la rallonge de ch\u00e2ssis correspondante et le faisceau \u00e9lectrique sp\u00e9cifique au v\u00e9hicule. Ainsi, l\u2019installation d\u2019un attelage sur votre camping-car devient un jeu d\u2019enfant.<\/p>\n<p>Voici comment cela fonctionne :<\/p>\n<ol>\n<li>D\u00e9finir le v\u00e9hicule &amp; la cellule<\/li>\n<li>S\u00e9lectionner les articles souhait\u00e9s<\/li>\n<li>Commander<\/li>\n<\/ol>\n<p>Vous recevrez rapidement les pi\u00e8ces de montage adapt\u00e9es \u00e0 votre camping-car et pourrez commencer l\u2019installation.<\/p>\n<p>&nbsp;<\/p>\n<h3><strong>Poids remorquables et charges d\u2019appui<\/strong><\/h3>\n<p>Nos attelages respectent toujours au minimum les poids remorquables autoris\u00e9s indiqu\u00e9s aux points O.1 \/ O.2 de votre carte grise. En r\u00e8gle g\u00e9n\u00e9rale, nos syst\u00e8mes sont con\u00e7us et test\u00e9s pour des charges plus \u00e9lev\u00e9es, permettant ainsi une \u00e9ventuelle augmentation du poids remorquable.<\/p>\n<p>Les charges d\u2019appui, figurant au point 13 de la carte grise, sont \u00e9galement toujours respect\u00e9es. Nos attelages ont g\u00e9n\u00e9ralement une charge d\u2019appui technique maximale de 150 kg, limit\u00e9e par les indications de la carte grise.<\/p>\n<p>&nbsp;<\/p>\n<h3><strong>Faisceaux \u00e9lectriques<\/strong><\/h3>\n<p>Nos faisceaux \u00e9lectriques sont toujours \u00e0 13 broches, r\u00e9pondant ainsi \u00e0 toutes les exigences des directives actuelles sur les remorques et les contr\u00f4les. Nous fournissons \u00e9galement des faisceaux \u00e9lectriques sp\u00e9cifiques au v\u00e9hicule, permettant une int\u00e9gration \u00e0 l\u2019\u00e9lectronique de bord et assurant la stabilisation de l\u2019attelage ainsi que la surveillance obligatoire des clignotants et de l\u2019\u00e9clairage.<\/p>\n<p><strong>Pour les v\u00e9hicules des constructeurs VW, MAN et Mercedes, un codage des param\u00e8tres logiciels peut \u00eatre n\u00e9cessaire. Vous pouvez commander le dongle de codage directement sur notre boutique.<\/strong> Cela vous \u00e9vite de vous rendre chez un concessionnaire, et nous effectuons le codage en toute simplicit\u00e9 chez vous.<\/p>\n<p>&nbsp;<\/p>\n<h3><strong>Homologation et inscription<\/strong><\/h3>\n<p>Dans 99 % des cas, aucune homologation par un organisme de contr\u00f4le n\u2019est requise apr\u00e8s l\u2019installation ; vous recevez avec la livraison une autorisation g\u00e9n\u00e9rale d\u2019exploitation \u00e0 conserver dans le v\u00e9hicule.<br \/>\nCe n\u2019est que si votre camping-car ne pr\u00e9sente aucun poids remorquable aux points O.1 \/ O.2 de la carte grise qu\u2019une r\u00e9ception \u00e0 titre isol\u00e9 est n\u00e9cessaire pour l\u2019ajouter. Dans la plupart des cas, une d\u00e9claration d\u2019autorisation du constructeur est \u00e9galement requise. Nous serons ravis de vous aider, n\u2019h\u00e9sitez pas \u00e0 nous contacter !<\/p>\n<p>&nbsp;<\/p>\n<h3><strong>Augmentation du poids remorquable<\/strong><\/h3>\n<p>Pour certains camping-cars, vous avez la possibilit\u00e9 de commander une expertise pour l\u2019augmentation du poids remorquable apr\u00e8s avoir saisi les donn\u00e9es de votre v\u00e9hicule. Ces expertises sont utilisables sans probl\u00e8me sur les march\u00e9s allemand et autrichien. Apr\u00e8s validation de la commande, vous recevrez un e-mail de notre part et devrez nous envoyer une copie de votre carte grise par courriel.<\/p>\n<p>Apr\u00e8s v\u00e9rification, nous vous informerons de l\u2019augmentation maximale possible, celle-ci d\u00e9pendant de la configuration exacte du v\u00e9hicule. Les valeurs affich\u00e9es dans la boutique en ligne sont toujours les valeurs maximales. Si le poids remorquable possible vous convient, faites-le nous savoir ; nous ferons ensuite \u00e9tablir l\u2019expertise et vous l\u2019enverrons dans les plus brefs d\u00e9lais.<\/p>\n<p>Veuillez noter que le d\u00e9lai de livraison de l\u2019expertise d\u2019augmentation du poids remorquable peut diff\u00e9rer de celui des composants de montage. Pour une utilisation dans d\u2019autres pays, veuillez nous contacter.<\/p>\n<p>&nbsp;<\/p>\n<h3><strong>Instructions de montage et assistance<\/strong><\/h3>\n<p>Chaque article est accompagn\u00e9 d\u2019une notice de montage correspondante. Pour les camping-cars, ces notices se composent souvent de vues \u00e9clat\u00e9es ou de descriptions. En r\u00e8gle g\u00e9n\u00e9rale, le montage est tout \u00e0 fait r\u00e9alisable \u00e0 l\u2019aide de ces donn\u00e9es. Si des difficult\u00e9s surviennent malgr\u00e9 tout lors du montage, n\u2019h\u00e9sitez pas \u00e0 nous contacter. Nos techniciens se tiennent \u00e0 votre disposition pour vous conseiller.<\/p>\n<p>Si nous avons des astuces pratiques pour l\u2019installation, nous vous enverrons automatiquement un e-mail avec nos conseils d\u2019experts apr\u00e8s la livraison.<\/p>\n","protected":false},"excerpt":{"rendered":"<p>L\u2019attelage parfait pour votre camping-car ! Configurer maintenant et commander directement.<\/p>\n","protected":false},"featured_media":6243,"comment_status":"closed","ping_status":"closed","template":"","meta":[],"product_brand":[],"product_cat":[220,228],"product_tag":[229],"class_list":{"0":"post-6676","1":"product","2":"type-product","3":"status-publish","4":"has-post-thumbnail","6":"product_cat-attelage","7":"product_cat-faisceau-electrique","8":"product_tag-camping-car","10":"first","11":"instock","12":"taxable","13":"shipping-taxable","14":"purchasable","15":"product-type-simple"},"yoast_head":"<!-- This site is optimized with the Yoast SEO plugin v27.3 - https:\/\/yoast.com\/product\/yoast-seo-wordpress\/ -->\n<title>Attelage pour camping-cars \u2013 En toute s\u00e9curit\u00e9 - Die Verkuppler<\/title>\n<meta name=\"description\" content=\"Obtenez l\u2019attelage parfait pour votre camping-car ! Nous proposons des produits de haute qualit\u00e9 faciles \u00e0 monter. \u00c0 d\u00e9couvrir maintenant !\" \/>\n<meta name=\"robots\" content=\"index, follow, max-snippet:-1, max-image-preview:large, max-video-preview:-1\" \/>\n<link rel=\"canonical\" href=\"https:\/\/shop.die-verkuppler.de\/fr\/produkt\/attelage-pour-camping-car-et-faisceau-electrique\/\" \/>\n<meta property=\"og:locale\" content=\"fr_FR\" \/>\n<meta property=\"og:type\" content=\"article\" \/>\n<meta property=\"og:title\" content=\"Attelage pour camping-cars \u2013 En toute s\u00e9curit\u00e9 - Die Verkuppler\" \/>\n<meta property=\"og:description\" content=\"Obtenez l\u2019attelage parfait pour votre camping-car ! Nous proposons des produits de haute qualit\u00e9 faciles \u00e0 monter. \u00c0 d\u00e9couvrir maintenant !\" \/>\n<meta property=\"og:url\" content=\"https:\/\/shop.die-verkuppler.de\/fr\/produkt\/attelage-pour-camping-car-et-faisceau-electrique\/\" \/>\n<meta property=\"og:site_name\" content=\"Die Verkuppler\" \/>\n<meta property=\"article:publisher\" content=\"https:\/\/www.facebook.com\/Kraichgau.Autoservice\" \/>\n<meta property=\"article:modified_time\" content=\"2026-04-01T23:41:53+00:00\" \/>\n<meta property=\"og:image\" content=\"https:\/\/shop.die-verkuppler.de\/wp-content\/uploads\/2025\/12\/Modern-motorhome-auf-grauem-Strassenbelag-min.jpg\" \/>\n\t<meta property=\"og:image:width\" content=\"1536\" \/>\n\t<meta property=\"og:image:height\" content=\"1024\" \/>\n\t<meta property=\"og:image:type\" content=\"image\/jpeg\" \/>\n<meta name=\"twitter:card\" content=\"summary_large_image\" \/>\n<meta name=\"twitter:label1\" content=\"Price\" \/>\n\t<meta name=\"twitter:data1\" content=\"0,00&nbsp;&euro;\" \/>\n\t<meta name=\"twitter:label2\" content=\"Availability\" \/>\n\t<meta name=\"twitter:data2\" content=\"In stock\" \/>\n<script type=\"application\/ld+json\" class=\"yoast-schema-graph\">{\"@context\":\"https:\\\/\\\/schema.org\",\"@graph\":[{\"@type\":[\"WebPage\",\"ItemPage\"],\"@id\":\"https:\\\/\\\/shop.die-verkuppler.de\\\/fr\\\/produkt\\\/attelage-pour-camping-car-et-faisceau-electrique\\\/\",\"url\":\"https:\\\/\\\/shop.die-verkuppler.de\\\/fr\\\/produkt\\\/attelage-pour-camping-car-et-faisceau-electrique\\\/\",\"name\":\"Attelage pour camping-cars \u2013 En toute s\u00e9curit\u00e9 - Die Verkuppler\",\"isPartOf\":{\"@id\":\"https:\\\/\\\/shop.die-verkuppler.de\\\/fr\\\/#website\"},\"primaryImageOfPage\":{\"@id\":\"https:\\\/\\\/shop.die-verkuppler.de\\\/fr\\\/produkt\\\/attelage-pour-camping-car-et-faisceau-electrique\\\/#primaryimage\"},\"image\":{\"@id\":\"https:\\\/\\\/shop.die-verkuppler.de\\\/fr\\\/produkt\\\/attelage-pour-camping-car-et-faisceau-electrique\\\/#primaryimage\"},\"thumbnailUrl\":\"https:\\\/\\\/shop.die-verkuppler.de\\\/wp-content\\\/uploads\\\/2025\\\/12\\\/Modern-motorhome-auf-grauem-Strassenbelag-min.jpg\",\"datePublished\":\"2026-02-06T00:25:51+00:00\",\"dateModified\":\"2026-04-01T23:41:53+00:00\",\"description\":\"Obtenez l\u2019attelage parfait pour votre camping-car ! Nous proposons des produits de haute qualit\u00e9 faciles \u00e0 monter. \u00c0 d\u00e9couvrir maintenant !\",\"breadcrumb\":{\"@id\":\"https:\\\/\\\/shop.die-verkuppler.de\\\/fr\\\/produkt\\\/attelage-pour-camping-car-et-faisceau-electrique\\\/#breadcrumb\"},\"inLanguage\":\"fr-FR\",\"potentialAction\":[{\"@type\":\"ReadAction\",\"target\":[\"https:\\\/\\\/shop.die-verkuppler.de\\\/fr\\\/produkt\\\/attelage-pour-camping-car-et-faisceau-electrique\\\/\"]}]},{\"@type\":\"ImageObject\",\"inLanguage\":\"fr-FR\",\"@id\":\"https:\\\/\\\/shop.die-verkuppler.de\\\/fr\\\/produkt\\\/attelage-pour-camping-car-et-faisceau-electrique\\\/#primaryimage\",\"url\":\"https:\\\/\\\/shop.die-verkuppler.de\\\/wp-content\\\/uploads\\\/2025\\\/12\\\/Modern-motorhome-auf-grauem-Strassenbelag-min.jpg\",\"contentUrl\":\"https:\\\/\\\/shop.die-verkuppler.de\\\/wp-content\\\/uploads\\\/2025\\\/12\\\/Modern-motorhome-auf-grauem-Strassenbelag-min.jpg\",\"width\":1536,\"height\":1024,\"caption\":\"Anh\u00e4ngerkupplung Hymer MLT\"},{\"@type\":\"BreadcrumbList\",\"@id\":\"https:\\\/\\\/shop.die-verkuppler.de\\\/fr\\\/produkt\\\/attelage-pour-camping-car-et-faisceau-electrique\\\/#breadcrumb\",\"itemListElement\":[{\"@type\":\"ListItem\",\"position\":1,\"name\":\"Startseite\",\"item\":\"https:\\\/\\\/shop.die-verkuppler.de\\\/fr\\\/boutique\\\/\"},{\"@type\":\"ListItem\",\"position\":2,\"name\":\"Boutique\",\"item\":\"https:\\\/\\\/shop.die-verkuppler.de\\\/fr\\\/boutique\\\/\"},{\"@type\":\"ListItem\",\"position\":3,\"name\":\"Attelage pour camping-car et faisceau \u00e9lectrique\"}]},{\"@type\":\"WebSite\",\"@id\":\"https:\\\/\\\/shop.die-verkuppler.de\\\/fr\\\/#website\",\"url\":\"https:\\\/\\\/shop.die-verkuppler.de\\\/fr\\\/\",\"name\":\"Die Verkuppler\",\"description\":\"Anh\u00e4ngerkupplung nachr\u00fcsten\",\"publisher\":{\"@id\":\"https:\\\/\\\/shop.die-verkuppler.de\\\/fr\\\/#organization\"},\"potentialAction\":[{\"@type\":\"SearchAction\",\"target\":{\"@type\":\"EntryPoint\",\"urlTemplate\":\"https:\\\/\\\/shop.die-verkuppler.de\\\/fr\\\/?s={search_term_string}\"},\"query-input\":{\"@type\":\"PropertyValueSpecification\",\"valueRequired\":true,\"valueName\":\"search_term_string\"}}],\"inLanguage\":\"fr-FR\"},{\"@type\":\"Organization\",\"@id\":\"https:\\\/\\\/shop.die-verkuppler.de\\\/fr\\\/#organization\",\"name\":\"Autoservice Kraichgau\",\"url\":\"https:\\\/\\\/shop.die-verkuppler.de\\\/fr\\\/\",\"logo\":{\"@type\":\"ImageObject\",\"inLanguage\":\"fr-FR\",\"@id\":\"https:\\\/\\\/shop.die-verkuppler.de\\\/fr\\\/#\\\/schema\\\/logo\\\/image\\\/\",\"url\":\"https:\\\/\\\/die-verkuppler.de\\\/wp-content\\\/uploads\\\/2021\\\/09\\\/visual-text@4x.png\",\"contentUrl\":\"https:\\\/\\\/die-verkuppler.de\\\/wp-content\\\/uploads\\\/2021\\\/09\\\/visual-text@4x.png\",\"width\":1952,\"height\":623,\"caption\":\"Autoservice Kraichgau\"},\"image\":{\"@id\":\"https:\\\/\\\/shop.die-verkuppler.de\\\/fr\\\/#\\\/schema\\\/logo\\\/image\\\/\"},\"sameAs\":[\"https:\\\/\\\/www.facebook.com\\\/Kraichgau.Autoservice\",\"https:\\\/\\\/www.instagram.com\\\/autoservice.kraichgau\",\"https:\\\/\\\/de.linkedin.com\\\/in\\\/jonas-ockert-9a920b1b2\"],\"hasMerchantReturnPolicy\":{\"@type\":\"MerchantReturnPolicy\",\"merchantReturnLink\":\"https:\\\/\\\/shop.die-verkuppler.de\\\/widerruf\\\/\"}}]}<\/script>\n<meta property=\"product:price:amount\" content=\"0.00\" \/>\n<meta property=\"product:price:currency\" content=\"EUR\" \/>\n<meta property=\"og:availability\" content=\"instock\" \/>\n<meta property=\"product:availability\" content=\"instock\" \/>\n<meta property=\"product:condition\" content=\"new\" \/>\n<!-- \/ Yoast SEO plugin. -->","yoast_head_json":{"title":"Attelage pour camping-cars \u2013 En toute s\u00e9curit\u00e9 - Die Verkuppler","description":"Obtenez l\u2019attelage parfait pour votre camping-car ! Nous proposons des produits de haute qualit\u00e9 faciles \u00e0 monter. \u00c0 d\u00e9couvrir maintenant !","robots":{"index":"index","follow":"follow","max-snippet":"max-snippet:-1","max-image-preview":"max-image-preview:large","max-video-preview":"max-video-preview:-1"},"canonical":"https:\/\/shop.die-verkuppler.de\/fr\/produkt\/attelage-pour-camping-car-et-faisceau-electrique\/","og_locale":"fr_FR","og_type":"article","og_title":"Attelage pour camping-cars \u2013 En toute s\u00e9curit\u00e9 - Die Verkuppler","og_description":"Obtenez l\u2019attelage parfait pour votre camping-car ! Nous proposons des produits de haute qualit\u00e9 faciles \u00e0 monter. \u00c0 d\u00e9couvrir maintenant !","og_url":"https:\/\/shop.die-verkuppler.de\/fr\/produkt\/attelage-pour-camping-car-et-faisceau-electrique\/","og_site_name":"Die Verkuppler","article_publisher":"https:\/\/www.facebook.com\/Kraichgau.Autoservice","article_modified_time":"2026-04-01T23:41:53+00:00","og_image":[{"width":1536,"height":1024,"url":"https:\/\/shop.die-verkuppler.de\/wp-content\/uploads\/2025\/12\/Modern-motorhome-auf-grauem-Strassenbelag-min.jpg","type":"image\/jpeg"}],"twitter_card":"summary_large_image","twitter_misc":{"Price":"0,00&nbsp;&euro;","Availability":"In stock"},"schema":{"@context":"https:\/\/schema.org","@graph":[{"@type":["WebPage","ItemPage"],"@id":"https:\/\/shop.die-verkuppler.de\/fr\/produkt\/attelage-pour-camping-car-et-faisceau-electrique\/","url":"https:\/\/shop.die-verkuppler.de\/fr\/produkt\/attelage-pour-camping-car-et-faisceau-electrique\/","name":"Attelage pour camping-cars \u2013 En toute s\u00e9curit\u00e9 - Die Verkuppler","isPartOf":{"@id":"https:\/\/shop.die-verkuppler.de\/fr\/#website"},"primaryImageOfPage":{"@id":"https:\/\/shop.die-verkuppler.de\/fr\/produkt\/attelage-pour-camping-car-et-faisceau-electrique\/#primaryimage"},"image":{"@id":"https:\/\/shop.die-verkuppler.de\/fr\/produkt\/attelage-pour-camping-car-et-faisceau-electrique\/#primaryimage"},"thumbnailUrl":"https:\/\/shop.die-verkuppler.de\/wp-content\/uploads\/2025\/12\/Modern-motorhome-auf-grauem-Strassenbelag-min.jpg","datePublished":"2026-02-06T00:25:51+00:00","dateModified":"2026-04-01T23:41:53+00:00","description":"Obtenez l\u2019attelage parfait pour votre camping-car ! Nous proposons des produits de haute qualit\u00e9 faciles \u00e0 monter. \u00c0 d\u00e9couvrir maintenant !","breadcrumb":{"@id":"https:\/\/shop.die-verkuppler.de\/fr\/produkt\/attelage-pour-camping-car-et-faisceau-electrique\/#breadcrumb"},"inLanguage":"fr-FR","potentialAction":[{"@type":"ReadAction","target":["https:\/\/shop.die-verkuppler.de\/fr\/produkt\/attelage-pour-camping-car-et-faisceau-electrique\/"]}]},{"@type":"ImageObject","inLanguage":"fr-FR","@id":"https:\/\/shop.die-verkuppler.de\/fr\/produkt\/attelage-pour-camping-car-et-faisceau-electrique\/#primaryimage","url":"https:\/\/shop.die-verkuppler.de\/wp-content\/uploads\/2025\/12\/Modern-motorhome-auf-grauem-Strassenbelag-min.jpg","contentUrl":"https:\/\/shop.die-verkuppler.de\/wp-content\/uploads\/2025\/12\/Modern-motorhome-auf-grauem-Strassenbelag-min.jpg","width":1536,"height":1024,"caption":"Anh\u00e4ngerkupplung Hymer MLT"},{"@type":"BreadcrumbList","@id":"https:\/\/shop.die-verkuppler.de\/fr\/produkt\/attelage-pour-camping-car-et-faisceau-electrique\/#breadcrumb","itemListElement":[{"@type":"ListItem","position":1,"name":"Startseite","item":"https:\/\/shop.die-verkuppler.de\/fr\/boutique\/"},{"@type":"ListItem","position":2,"name":"Boutique","item":"https:\/\/shop.die-verkuppler.de\/fr\/boutique\/"},{"@type":"ListItem","position":3,"name":"Attelage pour camping-car et faisceau \u00e9lectrique"}]},{"@type":"WebSite","@id":"https:\/\/shop.die-verkuppler.de\/fr\/#website","url":"https:\/\/shop.die-verkuppler.de\/fr\/","name":"Die Verkuppler","description":"Anh\u00e4ngerkupplung nachr\u00fcsten","publisher":{"@id":"https:\/\/shop.die-verkuppler.de\/fr\/#organization"},"potentialAction":[{"@type":"SearchAction","target":{"@type":"EntryPoint","urlTemplate":"https:\/\/shop.die-verkuppler.de\/fr\/?s={search_term_string}"},"query-input":{"@type":"PropertyValueSpecification","valueRequired":true,"valueName":"search_term_string"}}],"inLanguage":"fr-FR"},{"@type":"Organization","@id":"https:\/\/shop.die-verkuppler.de\/fr\/#organization","name":"Autoservice Kraichgau","url":"https:\/\/shop.die-verkuppler.de\/fr\/","logo":{"@type":"ImageObject","inLanguage":"fr-FR","@id":"https:\/\/shop.die-verkuppler.de\/fr\/#\/schema\/logo\/image\/","url":"https:\/\/die-verkuppler.de\/wp-content\/uploads\/2021\/09\/visual-text@4x.png","contentUrl":"https:\/\/die-verkuppler.de\/wp-content\/uploads\/2021\/09\/visual-text@4x.png","width":1952,"height":623,"caption":"Autoservice Kraichgau"},"image":{"@id":"https:\/\/shop.die-verkuppler.de\/fr\/#\/schema\/logo\/image\/"},"sameAs":["https:\/\/www.facebook.com\/Kraichgau.Autoservice","https:\/\/www.instagram.com\/autoservice.kraichgau","https:\/\/de.linkedin.com\/in\/jonas-ockert-9a920b1b2"],"hasMerchantReturnPolicy":{"@type":"MerchantReturnPolicy","merchantReturnLink":"https:\/\/shop.die-verkuppler.de\/widerruf\/"}}]},"product_price_amount":"0.00","product_price_currency":"EUR","og_availability":"instock","product_availability":"instock","product_condition":"new"},"jetpack_sharing_enabled":true,"_links":{"self":[{"href":"https:\/\/shop.die-verkuppler.de\/fr\/wp-json\/wp\/v2\/product\/6676","targetHints":{"allow":["GET"]}}],"collection":[{"href":"https:\/\/shop.die-verkuppler.de\/fr\/wp-json\/wp\/v2\/product"}],"about":[{"href":"https:\/\/shop.die-verkuppler.de\/fr\/wp-json\/wp\/v2\/types\/product"}],"replies":[{"embeddable":true,"href":"https:\/\/shop.die-verkuppler.de\/fr\/wp-json\/wp\/v2\/comments?post=6676"}],"wp:featuredmedia":[{"embeddable":true,"href":"https:\/\/shop.die-verkuppler.de\/fr\/wp-json\/wp\/v2\/media\/6243"}],"wp:attachment":[{"href":"https:\/\/shop.die-verkuppler.de\/fr\/wp-json\/wp\/v2\/media?parent=6676"}],"wp:term":[{"taxonomy":"product_brand","embeddable":true,"href":"https:\/\/shop.die-verkuppler.de\/fr\/wp-json\/wp\/v2\/product_brand?post=6676"},{"taxonomy":"product_cat","embeddable":true,"href":"https:\/\/shop.die-verkuppler.de\/fr\/wp-json\/wp\/v2\/product_cat?post=6676"},{"taxonomy":"product_tag","embeddable":true,"href":"https:\/\/shop.die-verkuppler.de\/fr\/wp-json\/wp\/v2\/product_tag?post=6676"}],"curies":[{"name":"wp","href":"https:\/\/api.w.org\/{rel}","templated":true}]}}