{"id":6667,"date":"2025-11-14T14:07:40","date_gmt":"2025-11-14T13:07:40","guid":{"rendered":"https:\/\/shop.die-verkuppler.de\/produkt\/attelage-lamborghini-urus\/"},"modified":"2025-11-14T14:07:40","modified_gmt":"2025-11-14T13:07:40","slug":"attelage-lamborghini-urus","status":"publish","type":"product","link":"https:\/\/shop.die-verkuppler.de\/fr\/produkt\/attelage-lamborghini-urus\/","title":{"rendered":"Attelage Lamborghini Urus"},"content":{"rendered":"<p>Pr\u00e9parez votre Lamborghini Urus pour la traction de remorque ! Notre attelage rigide, sp\u00e9cialement d\u00e9velopp\u00e9 et sp\u00e9cifique au v\u00e9hicule, incluant le faisceau \u00e9lectrique (kit \u00e9lectrique) adapt\u00e9, vous offre une solution s\u00fbre, flexible et confortable \u2013 id\u00e9ale pour un usage urbain et une mobilit\u00e9 polyvalente.<\/p>\n<h2 style=\"color: #d6001c;\">\ud83d\udd27 D\u00e9tails du produit &amp; donn\u00e9es techniques<\/h2>\n<ul style=\"padding-left: 0;\">\n<li><strong>\ud83d\ude97 V\u00e9hicule :<\/strong> Lamborghini Urus (y compris Performante)<\/li>\n<li><strong>\u2696\ufe0f Capacit\u00e9 de traction :<\/strong> 3\u202f500 kg<\/li>\n<li><strong>\ud83d\udce6 Charge d\u2019appui :<\/strong> 150 kg<\/li>\n<li><strong>\ud83d\udd0c Faisceau \u00e9lectrique :<\/strong> En option, parfaitement adapt\u00e9 au Lamborghini Urus, facile \u00e0 monter<\/li>\n<\/ul>\n<p>Notre conception innovante repose sur un d\u00e9veloppement CAO de pointe, de nombreux essais routiers et des proc\u00e9dures de test strictes (notamment essais sur banc et essais mono-axe selon ECE R55). Nous garantissons ainsi les plus hauts standards de s\u00e9curit\u00e9 et une homologation fiable.<\/p>\n<h2 style=\"color: #d6001c;\">\ud83d\udee0\ufe0f Commande simple &amp; options de montage<\/h2>\n<p>Choisissez selon vos besoins :<\/p>\n<div style=\"margin-left: 20px;\">\n<h3 style=\"margin-bottom: 5px; color: #d6001c;\">1. Montage par vos soins<\/h3>\n<ul>\n<li>Commandez le kit de r\u00e9trofit pour une installation autonome.<\/li>\n<li>Une notice d\u00e9taill\u00e9e vous accompagne pour un montage dans les r\u00e8gles de l\u2019art.<\/li>\n<\/ul>\n<h3 style=\"margin-bottom: 5px; color: #d6001c;\">2. Montage professionnel<\/h3>\n<ul>\n<li>Faites installer l\u2019attelage par nos techniciens exp\u00e9riment\u00e9s.<\/li>\n<li>Le montage professionnel incl. la r\u00e9ception T\u00dcV est propos\u00e9 dans nos locaux \u2013 parfait pour tous ceux qui ne souhaitent pas r\u00e9aliser le montage eux-m\u00eames.<\/li>\n<\/ul>\n<\/div>\n<h2 style=\"color: #d6001c;\">\ud83d\udcdc Homologation &amp; inscription<\/h2>\n<p>L\u2019attelage <strong>ne doit<\/strong> <strong>pas<\/strong> \u00eatre inscrit sur les documents du v\u00e9hicule. Vous recevez automatiquement l\u2019autorisation g\u00e9n\u00e9rale d\u2019exploitation dans le colis<\/p>\n","protected":false},"excerpt":{"rendered":"<p>L\u2019attelage avec capacit\u00e9 de traction pour le LMC Innovan est enfin disponible ! Commandez maintenant et d\u00e9marrez tout de suite !<\/p>\n","protected":false},"featured_media":6668,"comment_status":"closed","ping_status":"closed","template":"","meta":[],"product_brand":[],"product_cat":[220],"product_tag":[222],"class_list":{"0":"post-6667","1":"product","2":"type-product","3":"status-publish","4":"has-post-thumbnail","6":"product_cat-attelage","7":"product_tag-voiture","8":"product_shipping_class-attelage","10":"first","11":"instock","12":"sale","13":"taxable","14":"shipping-taxable","15":"purchasable","16":"product-type-variable"},"yoast_head":"<!-- This site is optimized with the Yoast SEO plugin v27.3 - https:\/\/yoast.com\/product\/yoast-seo-wordpress\/ -->\n<title>Attelage Lamborghini Urus - Die Verkuppler<\/title>\n<meta name=\"description\" content=\"Achetez d\u00e8s maintenant un attelage pour votre Lamborghini Urus et \u00e9quipez-le. Parfait pour votre supercar haut de gamme, montage plug-and-play\" \/>\n<meta name=\"robots\" content=\"index, follow, max-snippet:-1, max-image-preview:large, max-video-preview:-1\" \/>\n<link rel=\"canonical\" href=\"https:\/\/shop.die-verkuppler.de\/fr\/produkt\/attelage-lamborghini-urus\/\" \/>\n<meta property=\"og:locale\" content=\"fr_FR\" \/>\n<meta property=\"og:type\" content=\"article\" \/>\n<meta property=\"og:title\" content=\"Attelage Lamborghini Urus - Die Verkuppler\" \/>\n<meta property=\"og:description\" content=\"Achetez d\u00e8s maintenant un attelage pour votre Lamborghini Urus et \u00e9quipez-le. Parfait pour votre supercar haut de gamme, montage plug-and-play\" \/>\n<meta property=\"og:url\" content=\"https:\/\/shop.die-verkuppler.de\/fr\/produkt\/attelage-lamborghini-urus\/\" \/>\n<meta property=\"og:site_name\" content=\"Die Verkuppler\" \/>\n<meta property=\"article:publisher\" content=\"https:\/\/www.facebook.com\/Kraichgau.Autoservice\" \/>\n<meta property=\"og:image\" content=\"https:\/\/shop.die-verkuppler.de\/wp-content\/uploads\/2025\/11\/IMG_7411-min.jpg\" \/>\n\t<meta property=\"og:image:width\" content=\"4032\" \/>\n\t<meta property=\"og:image:height\" content=\"3024\" \/>\n\t<meta property=\"og:image:type\" content=\"image\/jpeg\" \/>\n<meta name=\"twitter:card\" content=\"summary_large_image\" \/>\n<meta name=\"twitter:label1\" content=\"Availability\" \/>\n\t<meta name=\"twitter:data1\" content=\"In stock\" \/>\n<script type=\"application\/ld+json\" class=\"yoast-schema-graph\">{\"@context\":\"https:\\\/\\\/schema.org\",\"@graph\":[{\"@type\":[\"WebPage\",\"ItemPage\"],\"@id\":\"https:\\\/\\\/shop.die-verkuppler.de\\\/fr\\\/produkt\\\/attelage-lamborghini-urus\\\/\",\"url\":\"https:\\\/\\\/shop.die-verkuppler.de\\\/fr\\\/produkt\\\/attelage-lamborghini-urus\\\/\",\"name\":\"Attelage Lamborghini Urus - Die Verkuppler\",\"isPartOf\":{\"@id\":\"https:\\\/\\\/shop.die-verkuppler.de\\\/fr\\\/#website\"},\"primaryImageOfPage\":{\"@id\":\"https:\\\/\\\/shop.die-verkuppler.de\\\/fr\\\/produkt\\\/attelage-lamborghini-urus\\\/#primaryimage\"},\"image\":{\"@id\":\"https:\\\/\\\/shop.die-verkuppler.de\\\/fr\\\/produkt\\\/attelage-lamborghini-urus\\\/#primaryimage\"},\"thumbnailUrl\":\"https:\\\/\\\/shop.die-verkuppler.de\\\/wp-content\\\/uploads\\\/2025\\\/11\\\/IMG_7411-min.jpg\",\"datePublished\":\"2025-11-14T13:07:40+00:00\",\"description\":\"Achetez d\u00e8s maintenant un attelage pour votre Lamborghini Urus et \u00e9quipez-le. Parfait pour votre supercar haut de gamme, montage plug-and-play\",\"breadcrumb\":{\"@id\":\"https:\\\/\\\/shop.die-verkuppler.de\\\/fr\\\/produkt\\\/attelage-lamborghini-urus\\\/#breadcrumb\"},\"inLanguage\":\"fr-FR\",\"potentialAction\":[{\"@type\":\"ReadAction\",\"target\":[\"https:\\\/\\\/shop.die-verkuppler.de\\\/fr\\\/produkt\\\/attelage-lamborghini-urus\\\/\"]}]},{\"@type\":\"ImageObject\",\"inLanguage\":\"fr-FR\",\"@id\":\"https:\\\/\\\/shop.die-verkuppler.de\\\/fr\\\/produkt\\\/attelage-lamborghini-urus\\\/#primaryimage\",\"url\":\"https:\\\/\\\/shop.die-verkuppler.de\\\/wp-content\\\/uploads\\\/2025\\\/11\\\/IMG_7411-min.jpg\",\"contentUrl\":\"https:\\\/\\\/shop.die-verkuppler.de\\\/wp-content\\\/uploads\\\/2025\\\/11\\\/IMG_7411-min.jpg\",\"width\":4032,\"height\":3024,\"caption\":\"Lamborghini Urus Anh\u00e4ngerkupplung\"},{\"@type\":\"BreadcrumbList\",\"@id\":\"https:\\\/\\\/shop.die-verkuppler.de\\\/fr\\\/produkt\\\/attelage-lamborghini-urus\\\/#breadcrumb\",\"itemListElement\":[{\"@type\":\"ListItem\",\"position\":1,\"name\":\"Startseite\",\"item\":\"https:\\\/\\\/shop.die-verkuppler.de\\\/fr\\\/boutique\\\/\"},{\"@type\":\"ListItem\",\"position\":2,\"name\":\"Boutique\",\"item\":\"https:\\\/\\\/shop.die-verkuppler.de\\\/fr\\\/boutique\\\/\"},{\"@type\":\"ListItem\",\"position\":3,\"name\":\"Attelage Lamborghini Urus\"}]},{\"@type\":\"WebSite\",\"@id\":\"https:\\\/\\\/shop.die-verkuppler.de\\\/fr\\\/#website\",\"url\":\"https:\\\/\\\/shop.die-verkuppler.de\\\/fr\\\/\",\"name\":\"Die Verkuppler\",\"description\":\"Anh\u00e4ngerkupplung nachr\u00fcsten\",\"publisher\":{\"@id\":\"https:\\\/\\\/shop.die-verkuppler.de\\\/fr\\\/#organization\"},\"potentialAction\":[{\"@type\":\"SearchAction\",\"target\":{\"@type\":\"EntryPoint\",\"urlTemplate\":\"https:\\\/\\\/shop.die-verkuppler.de\\\/fr\\\/?s={search_term_string}\"},\"query-input\":{\"@type\":\"PropertyValueSpecification\",\"valueRequired\":true,\"valueName\":\"search_term_string\"}}],\"inLanguage\":\"fr-FR\"},{\"@type\":\"Organization\",\"@id\":\"https:\\\/\\\/shop.die-verkuppler.de\\\/fr\\\/#organization\",\"name\":\"Autoservice Kraichgau\",\"url\":\"https:\\\/\\\/shop.die-verkuppler.de\\\/fr\\\/\",\"logo\":{\"@type\":\"ImageObject\",\"inLanguage\":\"fr-FR\",\"@id\":\"https:\\\/\\\/shop.die-verkuppler.de\\\/fr\\\/#\\\/schema\\\/logo\\\/image\\\/\",\"url\":\"https:\\\/\\\/die-verkuppler.de\\\/wp-content\\\/uploads\\\/2021\\\/09\\\/visual-text@4x.png\",\"contentUrl\":\"https:\\\/\\\/die-verkuppler.de\\\/wp-content\\\/uploads\\\/2021\\\/09\\\/visual-text@4x.png\",\"width\":1952,\"height\":623,\"caption\":\"Autoservice Kraichgau\"},\"image\":{\"@id\":\"https:\\\/\\\/shop.die-verkuppler.de\\\/fr\\\/#\\\/schema\\\/logo\\\/image\\\/\"},\"sameAs\":[\"https:\\\/\\\/www.facebook.com\\\/Kraichgau.Autoservice\",\"https:\\\/\\\/www.instagram.com\\\/autoservice.kraichgau\",\"https:\\\/\\\/de.linkedin.com\\\/in\\\/jonas-ockert-9a920b1b2\"],\"hasMerchantReturnPolicy\":{\"@type\":\"MerchantReturnPolicy\",\"merchantReturnLink\":\"https:\\\/\\\/shop.die-verkuppler.de\\\/widerruf\\\/\"}}]}<\/script>\n<meta property=\"og:availability\" content=\"instock\" \/>\n<meta property=\"product:availability\" content=\"instock\" \/>\n<meta property=\"product:retailer_item_id\" content=\"BWI3200-1-1-1\" \/>\n<meta property=\"product:condition\" content=\"new\" \/>\n<!-- \/ Yoast SEO plugin. -->","yoast_head_json":{"title":"Attelage Lamborghini Urus - Die Verkuppler","description":"Achetez d\u00e8s maintenant un attelage pour votre Lamborghini Urus et \u00e9quipez-le. Parfait pour votre supercar haut de gamme, montage plug-and-play","robots":{"index":"index","follow":"follow","max-snippet":"max-snippet:-1","max-image-preview":"max-image-preview:large","max-video-preview":"max-video-preview:-1"},"canonical":"https:\/\/shop.die-verkuppler.de\/fr\/produkt\/attelage-lamborghini-urus\/","og_locale":"fr_FR","og_type":"article","og_title":"Attelage Lamborghini Urus - Die Verkuppler","og_description":"Achetez d\u00e8s maintenant un attelage pour votre Lamborghini Urus et \u00e9quipez-le. Parfait pour votre supercar haut de gamme, montage plug-and-play","og_url":"https:\/\/shop.die-verkuppler.de\/fr\/produkt\/attelage-lamborghini-urus\/","og_site_name":"Die Verkuppler","article_publisher":"https:\/\/www.facebook.com\/Kraichgau.Autoservice","og_image":[{"width":4032,"height":3024,"url":"https:\/\/shop.die-verkuppler.de\/wp-content\/uploads\/2025\/11\/IMG_7411-min.jpg","type":"image\/jpeg"}],"twitter_card":"summary_large_image","twitter_misc":{"Availability":"In stock"},"schema":{"@context":"https:\/\/schema.org","@graph":[{"@type":["WebPage","ItemPage"],"@id":"https:\/\/shop.die-verkuppler.de\/fr\/produkt\/attelage-lamborghini-urus\/","url":"https:\/\/shop.die-verkuppler.de\/fr\/produkt\/attelage-lamborghini-urus\/","name":"Attelage Lamborghini Urus - Die Verkuppler","isPartOf":{"@id":"https:\/\/shop.die-verkuppler.de\/fr\/#website"},"primaryImageOfPage":{"@id":"https:\/\/shop.die-verkuppler.de\/fr\/produkt\/attelage-lamborghini-urus\/#primaryimage"},"image":{"@id":"https:\/\/shop.die-verkuppler.de\/fr\/produkt\/attelage-lamborghini-urus\/#primaryimage"},"thumbnailUrl":"https:\/\/shop.die-verkuppler.de\/wp-content\/uploads\/2025\/11\/IMG_7411-min.jpg","datePublished":"2025-11-14T13:07:40+00:00","description":"Achetez d\u00e8s maintenant un attelage pour votre Lamborghini Urus et \u00e9quipez-le. Parfait pour votre supercar haut de gamme, montage plug-and-play","breadcrumb":{"@id":"https:\/\/shop.die-verkuppler.de\/fr\/produkt\/attelage-lamborghini-urus\/#breadcrumb"},"inLanguage":"fr-FR","potentialAction":[{"@type":"ReadAction","target":["https:\/\/shop.die-verkuppler.de\/fr\/produkt\/attelage-lamborghini-urus\/"]}]},{"@type":"ImageObject","inLanguage":"fr-FR","@id":"https:\/\/shop.die-verkuppler.de\/fr\/produkt\/attelage-lamborghini-urus\/#primaryimage","url":"https:\/\/shop.die-verkuppler.de\/wp-content\/uploads\/2025\/11\/IMG_7411-min.jpg","contentUrl":"https:\/\/shop.die-verkuppler.de\/wp-content\/uploads\/2025\/11\/IMG_7411-min.jpg","width":4032,"height":3024,"caption":"Lamborghini Urus Anh\u00e4ngerkupplung"},{"@type":"BreadcrumbList","@id":"https:\/\/shop.die-verkuppler.de\/fr\/produkt\/attelage-lamborghini-urus\/#breadcrumb","itemListElement":[{"@type":"ListItem","position":1,"name":"Startseite","item":"https:\/\/shop.die-verkuppler.de\/fr\/boutique\/"},{"@type":"ListItem","position":2,"name":"Boutique","item":"https:\/\/shop.die-verkuppler.de\/fr\/boutique\/"},{"@type":"ListItem","position":3,"name":"Attelage Lamborghini Urus"}]},{"@type":"WebSite","@id":"https:\/\/shop.die-verkuppler.de\/fr\/#website","url":"https:\/\/shop.die-verkuppler.de\/fr\/","name":"Die Verkuppler","description":"Anh\u00e4ngerkupplung nachr\u00fcsten","publisher":{"@id":"https:\/\/shop.die-verkuppler.de\/fr\/#organization"},"potentialAction":[{"@type":"SearchAction","target":{"@type":"EntryPoint","urlTemplate":"https:\/\/shop.die-verkuppler.de\/fr\/?s={search_term_string}"},"query-input":{"@type":"PropertyValueSpecification","valueRequired":true,"valueName":"search_term_string"}}],"inLanguage":"fr-FR"},{"@type":"Organization","@id":"https:\/\/shop.die-verkuppler.de\/fr\/#organization","name":"Autoservice Kraichgau","url":"https:\/\/shop.die-verkuppler.de\/fr\/","logo":{"@type":"ImageObject","inLanguage":"fr-FR","@id":"https:\/\/shop.die-verkuppler.de\/fr\/#\/schema\/logo\/image\/","url":"https:\/\/die-verkuppler.de\/wp-content\/uploads\/2021\/09\/visual-text@4x.png","contentUrl":"https:\/\/die-verkuppler.de\/wp-content\/uploads\/2021\/09\/visual-text@4x.png","width":1952,"height":623,"caption":"Autoservice Kraichgau"},"image":{"@id":"https:\/\/shop.die-verkuppler.de\/fr\/#\/schema\/logo\/image\/"},"sameAs":["https:\/\/www.facebook.com\/Kraichgau.Autoservice","https:\/\/www.instagram.com\/autoservice.kraichgau","https:\/\/de.linkedin.com\/in\/jonas-ockert-9a920b1b2"],"hasMerchantReturnPolicy":{"@type":"MerchantReturnPolicy","merchantReturnLink":"https:\/\/shop.die-verkuppler.de\/widerruf\/"}}]},"og_availability":"instock","product_availability":"instock","product_retailer_item_id":"BWI3200-1-1-1","product_condition":"new"},"jetpack_sharing_enabled":true,"_links":{"self":[{"href":"https:\/\/shop.die-verkuppler.de\/fr\/wp-json\/wp\/v2\/product\/6667","targetHints":{"allow":["GET"]}}],"collection":[{"href":"https:\/\/shop.die-verkuppler.de\/fr\/wp-json\/wp\/v2\/product"}],"about":[{"href":"https:\/\/shop.die-verkuppler.de\/fr\/wp-json\/wp\/v2\/types\/product"}],"replies":[{"embeddable":true,"href":"https:\/\/shop.die-verkuppler.de\/fr\/wp-json\/wp\/v2\/comments?post=6667"}],"wp:featuredmedia":[{"embeddable":true,"href":"https:\/\/shop.die-verkuppler.de\/fr\/wp-json\/wp\/v2\/media\/6668"}],"wp:attachment":[{"href":"https:\/\/shop.die-verkuppler.de\/fr\/wp-json\/wp\/v2\/media?parent=6667"}],"wp:term":[{"taxonomy":"product_brand","embeddable":true,"href":"https:\/\/shop.die-verkuppler.de\/fr\/wp-json\/wp\/v2\/product_brand?post=6667"},{"taxonomy":"product_cat","embeddable":true,"href":"https:\/\/shop.die-verkuppler.de\/fr\/wp-json\/wp\/v2\/product_cat?post=6667"},{"taxonomy":"product_tag","embeddable":true,"href":"https:\/\/shop.die-verkuppler.de\/fr\/wp-json\/wp\/v2\/product_tag?post=6667"}],"curies":[{"name":"wp","href":"https:\/\/api.w.org\/{rel}","templated":true}]}}