{"id":6657,"date":"2026-02-27T10:28:40","date_gmt":"2026-02-27T09:28:40","guid":{"rendered":"https:\/\/shop.die-verkuppler.de\/produkt\/kit-electrique-attelage-fiat-ducato-peugeot-boxer-citroen-jumper-13-broches-avec-preparation\/"},"modified":"2026-02-27T10:28:40","modified_gmt":"2026-02-27T09:28:40","slug":"kit-electrique-attelage-fiat-ducato-peugeot-boxer-citroen-jumper-13-broches-avec-preparation","status":"publish","type":"product","link":"https:\/\/shop.die-verkuppler.de\/fr\/produkt\/kit-electrique-attelage-fiat-ducato-peugeot-boxer-citroen-jumper-13-broches-avec-preparation\/","title":{"rendered":"Kit \u00e9lectrique attelage Fiat Ducato \/ Peugeot Boxer \/ Citro\u00ebn Jumper &#8211; 13 broches, avec pr\u00e9paration"},"content":{"rendered":"<p>Le meilleur kit \u00e9lectrique sp\u00e9cifique 13 broches pour \u00e9quiper votre Fiat Ducato \/ Citro\u00ebn Jumper ou Peugeot Boxer.<\/p>\n<p>Ce kit \u00e9lectrique convient uniquement aux v\u00e9hicules avec pr\u00e9paration d&rsquo;usine pour attelage ! (Code d&rsquo;\u00e9quipement \/ commande 4HB) <\/p>\n<p>Domaine d&rsquo;utilisation :<\/p>\n<p>&nbsp;<\/p>\n<table cellspacing=\"0\" cellpadding=\"0\">\n<tbody>\n<tr>\n<td valign=\"top\"><span style=\"color: #262626; font-family: Helvetica Neue; font-size: large;\">CITRO\u00cbN<\/span><\/td>\n<td valign=\"top\"><span style=\"color: #262626; font-family: Helvetica Neue; font-size: large;\">JUMPER<\/span><\/td>\n<td valign=\"top\"><span style=\"color: #262626; font-family: Helvetica Neue; font-size: large;\">Ch\u00e2ssis<\/span><\/td>\n<td valign=\"top\"><span style=\"color: #262626; font-family: Helvetica Neue; font-size: large;\">05\/2014 &#8211;<\/span><\/td>\n<\/tr>\n<tr>\n<td valign=\"top\"><span style=\"color: #262626; font-family: Helvetica Neue; font-size: large;\">CITRO\u00cbN<\/span><\/td>\n<td valign=\"top\"><span style=\"color: #262626; font-family: Helvetica Neue; font-size: large;\">JUMPER<\/span><\/td>\n<td valign=\"top\"><span style=\"color: #262626; font-family: Helvetica Neue; font-size: large;\">Fourgon<\/span><\/td>\n<td valign=\"top\"><span style=\"color: #262626; font-family: Helvetica Neue; font-size: large;\">05\/2014 &#8211;<\/span><\/td>\n<\/tr>\n<tr>\n<td valign=\"top\"><span style=\"color: #262626; font-family: Helvetica Neue; font-size: large;\">CITRO\u00cbN<\/span><\/td>\n<td valign=\"top\"><span style=\"color: #262626; font-family: Helvetica Neue; font-size: large;\">e-JUMPER<\/span><\/td>\n<td valign=\"top\"><span style=\"color: #262626; font-family: Helvetica Neue; font-size: large;\">Ch\u00e2ssis<\/span><\/td>\n<td valign=\"top\"><span style=\"color: #262626; font-family: Helvetica Neue; font-size: large;\">01\/2022 &#8211;<\/span><\/td>\n<\/tr>\n<tr>\n<td valign=\"top\"><span style=\"color: #262626; font-family: Helvetica Neue; font-size: large;\">CITRO\u00cbN<\/span><\/td>\n<td valign=\"top\"><span style=\"color: #262626; font-family: Helvetica Neue; font-size: large;\">e-JUMPER<\/span><\/td>\n<td valign=\"top\"><span style=\"color: #262626; font-family: Helvetica Neue; font-size: large;\">Fourgon<\/span><\/td>\n<td valign=\"top\"><span style=\"color: #262626; font-family: Helvetica Neue; font-size: large;\">01\/2022 &#8211;<\/span><\/td>\n<\/tr>\n<tr>\n<td valign=\"top\"><span style=\"color: #262626; font-family: Helvetica Neue; font-size: large;\">FIAT<\/span><\/td>\n<td valign=\"top\"><span style=\"color: #262626; font-family: Helvetica Neue; font-size: large;\">DUCATO<\/span><\/td>\n<td valign=\"top\"><span style=\"color: #262626; font-family: Helvetica Neue; font-size: large;\">Ch\u00e2ssis<\/span><\/td>\n<td valign=\"top\"><span style=\"color: #262626; font-family: Helvetica Neue; font-size: large;\">05\/2014 &#8211;<\/span><\/td>\n<\/tr>\n<tr>\n<td valign=\"top\"><span style=\"color: #262626; font-family: Helvetica Neue; font-size: large;\">FIAT<\/span><\/td>\n<td valign=\"top\"><span style=\"color: #262626; font-family: Helvetica Neue; font-size: large;\">DUCATO<\/span><\/td>\n<td valign=\"top\"><span style=\"color: #262626; font-family: Helvetica Neue; font-size: large;\">Fourgon<\/span><\/td>\n<td valign=\"top\"><span style=\"color: #262626; font-family: Helvetica Neue; font-size: large;\">05\/2014 &#8211;<\/span><\/td>\n<\/tr>\n<tr>\n<td valign=\"top\"><span style=\"color: #262626; font-family: Helvetica Neue; font-size: large;\">FIAT<\/span><\/td>\n<td valign=\"top\"><span style=\"color: #262626; font-family: Helvetica Neue; font-size: large;\">E-DUCATO<\/span><\/td>\n<td valign=\"top\"><span style=\"color: #262626; font-family: Helvetica Neue; font-size: large;\">Ch\u00e2ssis<\/span><\/td>\n<td valign=\"top\"><span style=\"color: #262626; font-family: Helvetica Neue; font-size: large;\">01\/2021 &#8211;<\/span><\/td>\n<\/tr>\n<tr>\n<td valign=\"top\"><span style=\"color: #262626; font-family: Helvetica Neue; font-size: large;\">FIAT<\/span><\/td>\n<td valign=\"top\"><span style=\"color: #262626; font-family: Helvetica Neue; font-size: large;\">E-DUCATO<\/span><\/td>\n<td valign=\"top\"><span style=\"color: #262626; font-family: Helvetica Neue; font-size: large;\">Fourgon<\/span><\/td>\n<td valign=\"top\"><span style=\"color: #262626; font-family: Helvetica Neue; font-size: large;\">01\/2021 &#8211;<\/span><\/td>\n<\/tr>\n<tr>\n<td valign=\"top\"><span style=\"color: #262626; font-family: Helvetica Neue; font-size: large;\">OPEL<\/span><\/td>\n<td valign=\"top\"><span style=\"color: #262626; font-family: Helvetica Neue; font-size: large;\">MOVANO C<\/span><\/td>\n<td valign=\"top\"><span style=\"color: #262626; font-family: Helvetica Neue; font-size: large;\">Ch\u00e2ssis<\/span><\/td>\n<td valign=\"top\"><span style=\"color: #262626; font-family: Helvetica Neue; font-size: large;\">01\/2022 &#8211;<\/span><\/td>\n<\/tr>\n<tr>\n<td valign=\"top\"><span style=\"color: #262626; font-family: Helvetica Neue; font-size: large;\">OPEL<\/span><\/td>\n<td valign=\"top\"><span style=\"color: #262626; font-family: Helvetica Neue; font-size: large;\">MOVANO C<\/span><\/td>\n<td valign=\"top\"><span style=\"color: #262626; font-family: Helvetica Neue; font-size: large;\">Fourgon<\/span><\/td>\n<td valign=\"top\"><span style=\"color: #262626; font-family: Helvetica Neue; font-size: large;\">01\/2022 &#8211;<\/span><\/td>\n<\/tr>\n<tr>\n<td valign=\"top\"><span style=\"color: #262626; font-family: Helvetica Neue; font-size: large;\">OPEL<\/span><\/td>\n<td valign=\"top\"><span style=\"color: #262626; font-family: Helvetica Neue; font-size: large;\">MOVANO C ELECTRIC<\/span><\/td>\n<td valign=\"top\"><span style=\"color: #262626; font-family: Helvetica Neue; font-size: large;\">Ch\u00e2ssis<\/span><\/td>\n<td valign=\"top\"><span style=\"color: #262626; font-family: Helvetica Neue; font-size: large;\">03\/2024 &#8211;<\/span><\/td>\n<\/tr>\n<tr>\n<td valign=\"top\"><span style=\"color: #262626; font-family: Helvetica Neue; font-size: large;\">OPEL<\/span><\/td>\n<td valign=\"top\"><span style=\"color: #262626; font-family: Helvetica Neue; font-size: large;\">MOVANO C ELECTRIC<\/span><\/td>\n<td valign=\"top\"><span style=\"color: #262626; font-family: Helvetica Neue; font-size: large;\">Fourgon<\/span><\/td>\n<td valign=\"top\"><span style=\"color: #262626; font-family: Helvetica Neue; font-size: large;\">03\/2024 &#8211;<\/span><\/td>\n<\/tr>\n<tr>\n<td valign=\"top\"><span style=\"color: #262626; font-family: Helvetica Neue; font-size: large;\">PEUGEOT<\/span><\/td>\n<td valign=\"top\"><span style=\"color: #262626; font-family: Helvetica Neue; font-size: large;\">BOXER<\/span><\/td>\n<td valign=\"top\"><span style=\"color: #262626; font-family: Helvetica Neue; font-size: large;\">Ch\u00e2ssis<\/span><\/td>\n<td valign=\"top\"><span style=\"color: #262626; font-family: Helvetica Neue; font-size: large;\">05\/2014 &#8211;<\/span><\/td>\n<\/tr>\n<tr>\n<td valign=\"top\"><span style=\"color: #262626; font-family: Helvetica Neue; font-size: large;\">PEUGEOT<\/span><\/td>\n<td valign=\"top\"><span style=\"color: #262626; font-family: Helvetica Neue; font-size: large;\">BOXER<\/span><\/td>\n<td valign=\"top\"><span style=\"color: #262626; font-family: Helvetica Neue; font-size: large;\">Fourgon<\/span><\/td>\n<td valign=\"top\"><span style=\"color: #262626; font-family: Helvetica Neue; font-size: large;\">05\/2014 &#8211;<\/span><\/td>\n<\/tr>\n<tr>\n<td valign=\"top\"><span style=\"color: #262626; font-family: Helvetica Neue; font-size: large;\">PEUGEOT<\/span><\/td>\n<td valign=\"top\"><span style=\"color: #262626; font-family: Helvetica Neue; font-size: large;\">E-BOXER<\/span><\/td>\n<td valign=\"top\"><span style=\"color: #262626; font-family: Helvetica Neue; font-size: large;\">Ch\u00e2ssis<\/span><\/td>\n<td valign=\"top\"><span style=\"color: #262626; font-family: Helvetica Neue; font-size: large;\">01\/2022 &#8211;<\/span><\/td>\n<\/tr>\n<tr>\n<td valign=\"top\"><span style=\"color: #262626; font-family: Helvetica Neue; font-size: large;\">PEUGEOT<\/span><\/td>\n<td valign=\"top\"><span style=\"color: #262626; font-family: Helvetica Neue; font-size: large;\">E-BOXER<\/span><\/td>\n<td valign=\"top\"><span style=\"color: #262626; font-family: Helvetica Neue; font-size: large;\">Fourgon<\/span><\/td>\n<td valign=\"top\"><span style=\"color: #262626; font-family: Helvetica Neue; font-size: large;\">01\/2022 &#8211;<\/span><\/td>\n<\/tr>\n<tr>\n<td valign=\"top\"><span style=\"color: #262626; font-family: Helvetica Neue; font-size: large;\">TOYOTA<\/span><\/td>\n<td valign=\"top\"><span style=\"color: #262626; font-family: Helvetica Neue; font-size: large;\">PROACE MAX<\/span><\/td>\n<td valign=\"top\"><span style=\"color: #262626; font-family: Helvetica Neue; font-size: large;\">Ch\u00e2ssis<\/span><\/td>\n<td valign=\"top\"><span style=\"color: #262626; font-family: Helvetica Neue; font-size: large;\">09\/2024 &#8211;<\/span><\/td>\n<\/tr>\n<tr>\n<td valign=\"top\"><span style=\"color: #262626; font-family: Helvetica Neue; font-size: large;\">TOYOTA<\/span><\/td>\n<td valign=\"top\"><span style=\"color: #262626; font-family: Helvetica Neue; font-size: large;\">PROACE MAX<\/span><\/td>\n<td valign=\"top\"><span style=\"color: #262626; font-family: Helvetica Neue; font-size: large;\">Fourgon<\/span><\/td>\n<td valign=\"top\"><span style=\"color: #262626; font-family: Helvetica Neue; font-size: large;\">09\/2024 &#8211;<\/span><\/td>\n<\/tr>\n<tr>\n<td valign=\"top\"><span style=\"color: #262626; font-family: Helvetica Neue; font-size: large;\">TOYOTA<\/span><\/td>\n<td valign=\"top\"><span style=\"color: #262626; font-family: Helvetica Neue; font-size: large;\">PROACE MAX ELECTRIC<\/span><\/td>\n<td valign=\"top\"><span style=\"color: #262626; font-family: Helvetica Neue; font-size: large;\">Ch\u00e2ssis<\/span><\/td>\n<td valign=\"top\"><span style=\"color: #262626; font-family: Helvetica Neue; font-size: large;\">09\/2024 &#8211;<\/span><\/td>\n<\/tr>\n<tr>\n<td valign=\"top\"><span style=\"color: #262626; font-family: Helvetica Neue; font-size: large;\">TOYOTA<\/span><\/td>\n<td valign=\"top\"><span style=\"color: #262626; font-family: Helvetica Neue; font-size: large;\">PROACE MAX ELECTRIC<\/span><\/td>\n<td valign=\"top\"><span style=\"color: #262626; font-family: Helvetica Neue; font-size: large;\">Fourgon<\/span><\/td>\n<td valign=\"top\"><span style=\"color: #262626; font-family: Helvetica Neue; font-size: large;\">09\/2024 &#8211;<\/span><\/td>\n<\/tr>\n<\/tbody>\n<\/table>\n","protected":false},"excerpt":{"rendered":"<p>Le meilleur kit \u00e9lectrique sp\u00e9cifique 13 broches pour \u00e9quiper votre Fiat Ducato \/ Citro\u00ebn Jumper ou Peugeot Boxer. Ce kit [&hellip;]<\/p>\n","protected":false},"featured_media":6418,"comment_status":"closed","ping_status":"closed","template":"","meta":[],"product_brand":[],"product_cat":[228],"product_tag":[229],"class_list":{"0":"post-6657","1":"product","2":"type-product","3":"status-publish","4":"has-post-thumbnail","6":"product_cat-faisceau-electrique","7":"product_tag-camping-car","8":"product_shipping_class-attelage","10":"first","11":"instock","12":"taxable","13":"shipping-taxable","14":"purchasable","15":"product-type-simple"},"yoast_head":"<!-- This site is optimized with the Yoast SEO plugin v27.3 - https:\/\/yoast.com\/product\/yoast-seo-wordpress\/ -->\n<title>Kit \u00e9lectrique attelage Fiat Ducato \/ Peugeot Boxer \/ Citro\u00ebn Jumper - 13 broches, avec pr\u00e9paration - Die Verkuppler<\/title>\n<meta name=\"description\" content=\"Le meilleur kit \u00e9lectrique sp\u00e9cifique 13 broches pour \u00e9quiper votre Fiat Ducato \/ Citro\u00ebn Jumper ou Peugeot Boxer.\" \/>\n<meta name=\"robots\" content=\"index, follow, max-snippet:-1, max-image-preview:large, max-video-preview:-1\" \/>\n<link rel=\"canonical\" href=\"https:\/\/shop.die-verkuppler.de\/fr\/produkt\/kit-electrique-attelage-fiat-ducato-peugeot-boxer-citroen-jumper-13-broches-avec-preparation\/\" \/>\n<meta property=\"og:locale\" content=\"fr_FR\" \/>\n<meta property=\"og:type\" content=\"article\" \/>\n<meta property=\"og:title\" content=\"Kit \u00e9lectrique attelage Fiat Ducato \/ Peugeot Boxer \/ Citro\u00ebn Jumper - 13 broches, avec pr\u00e9paration - Die Verkuppler\" \/>\n<meta property=\"og:description\" content=\"Le meilleur kit \u00e9lectrique sp\u00e9cifique 13 broches pour \u00e9quiper votre Fiat Ducato \/ Citro\u00ebn Jumper ou Peugeot Boxer.\" \/>\n<meta property=\"og:url\" content=\"https:\/\/shop.die-verkuppler.de\/fr\/produkt\/kit-electrique-attelage-fiat-ducato-peugeot-boxer-citroen-jumper-13-broches-avec-preparation\/\" \/>\n<meta property=\"og:site_name\" content=\"Die Verkuppler\" \/>\n<meta property=\"article:publisher\" content=\"https:\/\/www.facebook.com\/Kraichgau.Autoservice\" \/>\n<meta property=\"og:image\" content=\"https:\/\/shop.die-verkuppler.de\/wp-content\/uploads\/2026\/02\/Elektrosatz-Fiat-Ducato-mit-Anhaengerkupplungs-Vorbereitung.png\" \/>\n\t<meta property=\"og:image:width\" content=\"1536\" \/>\n\t<meta property=\"og:image:height\" content=\"1024\" \/>\n\t<meta property=\"og:image:type\" content=\"image\/png\" \/>\n<meta name=\"twitter:card\" content=\"summary_large_image\" \/>\n<meta name=\"twitter:label1\" content=\"Price\" \/>\n\t<meta name=\"twitter:data1\" content=\"132,80&nbsp;&euro;\" \/>\n\t<meta name=\"twitter:label2\" content=\"Availability\" \/>\n\t<meta name=\"twitter:data2\" content=\"In stock\" \/>\n<script type=\"application\/ld+json\" class=\"yoast-schema-graph\">{\"@context\":\"https:\\\/\\\/schema.org\",\"@graph\":[{\"@type\":[\"WebPage\",\"ItemPage\"],\"@id\":\"https:\\\/\\\/shop.die-verkuppler.de\\\/fr\\\/produkt\\\/kit-electrique-attelage-fiat-ducato-peugeot-boxer-citroen-jumper-13-broches-avec-preparation\\\/\",\"url\":\"https:\\\/\\\/shop.die-verkuppler.de\\\/fr\\\/produkt\\\/kit-electrique-attelage-fiat-ducato-peugeot-boxer-citroen-jumper-13-broches-avec-preparation\\\/\",\"name\":\"Kit \u00e9lectrique attelage Fiat Ducato \\\/ Peugeot Boxer \\\/ Citro\u00ebn Jumper - 13 broches, avec pr\u00e9paration - Die Verkuppler\",\"isPartOf\":{\"@id\":\"https:\\\/\\\/shop.die-verkuppler.de\\\/fr\\\/#website\"},\"primaryImageOfPage\":{\"@id\":\"https:\\\/\\\/shop.die-verkuppler.de\\\/fr\\\/produkt\\\/kit-electrique-attelage-fiat-ducato-peugeot-boxer-citroen-jumper-13-broches-avec-preparation\\\/#primaryimage\"},\"image\":{\"@id\":\"https:\\\/\\\/shop.die-verkuppler.de\\\/fr\\\/produkt\\\/kit-electrique-attelage-fiat-ducato-peugeot-boxer-citroen-jumper-13-broches-avec-preparation\\\/#primaryimage\"},\"thumbnailUrl\":\"https:\\\/\\\/shop.die-verkuppler.de\\\/wp-content\\\/uploads\\\/2026\\\/02\\\/Elektrosatz-Fiat-Ducato-mit-Anhaengerkupplungs-Vorbereitung.png\",\"datePublished\":\"2026-02-27T09:28:40+00:00\",\"description\":\"Le meilleur kit \u00e9lectrique sp\u00e9cifique 13 broches pour \u00e9quiper votre Fiat Ducato \\\/ Citro\u00ebn Jumper ou Peugeot Boxer.\",\"breadcrumb\":{\"@id\":\"https:\\\/\\\/shop.die-verkuppler.de\\\/fr\\\/produkt\\\/kit-electrique-attelage-fiat-ducato-peugeot-boxer-citroen-jumper-13-broches-avec-preparation\\\/#breadcrumb\"},\"inLanguage\":\"fr-FR\",\"potentialAction\":[{\"@type\":\"ReadAction\",\"target\":[\"https:\\\/\\\/shop.die-verkuppler.de\\\/fr\\\/produkt\\\/kit-electrique-attelage-fiat-ducato-peugeot-boxer-citroen-jumper-13-broches-avec-preparation\\\/\"]}]},{\"@type\":\"ImageObject\",\"inLanguage\":\"fr-FR\",\"@id\":\"https:\\\/\\\/shop.die-verkuppler.de\\\/fr\\\/produkt\\\/kit-electrique-attelage-fiat-ducato-peugeot-boxer-citroen-jumper-13-broches-avec-preparation\\\/#primaryimage\",\"url\":\"https:\\\/\\\/shop.die-verkuppler.de\\\/wp-content\\\/uploads\\\/2026\\\/02\\\/Elektrosatz-Fiat-Ducato-mit-Anhaengerkupplungs-Vorbereitung.png\",\"contentUrl\":\"https:\\\/\\\/shop.die-verkuppler.de\\\/wp-content\\\/uploads\\\/2026\\\/02\\\/Elektrosatz-Fiat-Ducato-mit-Anhaengerkupplungs-Vorbereitung.png\",\"width\":1536,\"height\":1024,\"caption\":\"Elektrosatz Fiat Ducato mit Anh\u00e4ngerkupplungs-Vorbereitung\"},{\"@type\":\"BreadcrumbList\",\"@id\":\"https:\\\/\\\/shop.die-verkuppler.de\\\/fr\\\/produkt\\\/kit-electrique-attelage-fiat-ducato-peugeot-boxer-citroen-jumper-13-broches-avec-preparation\\\/#breadcrumb\",\"itemListElement\":[{\"@type\":\"ListItem\",\"position\":1,\"name\":\"Startseite\",\"item\":\"https:\\\/\\\/shop.die-verkuppler.de\\\/fr\\\/boutique\\\/\"},{\"@type\":\"ListItem\",\"position\":2,\"name\":\"Boutique\",\"item\":\"https:\\\/\\\/shop.die-verkuppler.de\\\/fr\\\/boutique\\\/\"},{\"@type\":\"ListItem\",\"position\":3,\"name\":\"Kit \u00e9lectrique attelage Fiat Ducato \\\/ Peugeot Boxer \\\/ Citro\u00ebn Jumper &#8211; 13 broches, avec pr\u00e9paration\"}]},{\"@type\":\"WebSite\",\"@id\":\"https:\\\/\\\/shop.die-verkuppler.de\\\/fr\\\/#website\",\"url\":\"https:\\\/\\\/shop.die-verkuppler.de\\\/fr\\\/\",\"name\":\"Die Verkuppler\",\"description\":\"Anh\u00e4ngerkupplung nachr\u00fcsten\",\"publisher\":{\"@id\":\"https:\\\/\\\/shop.die-verkuppler.de\\\/fr\\\/#organization\"},\"potentialAction\":[{\"@type\":\"SearchAction\",\"target\":{\"@type\":\"EntryPoint\",\"urlTemplate\":\"https:\\\/\\\/shop.die-verkuppler.de\\\/fr\\\/?s={search_term_string}\"},\"query-input\":{\"@type\":\"PropertyValueSpecification\",\"valueRequired\":true,\"valueName\":\"search_term_string\"}}],\"inLanguage\":\"fr-FR\"},{\"@type\":\"Organization\",\"@id\":\"https:\\\/\\\/shop.die-verkuppler.de\\\/fr\\\/#organization\",\"name\":\"Autoservice Kraichgau\",\"url\":\"https:\\\/\\\/shop.die-verkuppler.de\\\/fr\\\/\",\"logo\":{\"@type\":\"ImageObject\",\"inLanguage\":\"fr-FR\",\"@id\":\"https:\\\/\\\/shop.die-verkuppler.de\\\/fr\\\/#\\\/schema\\\/logo\\\/image\\\/\",\"url\":\"https:\\\/\\\/die-verkuppler.de\\\/wp-content\\\/uploads\\\/2021\\\/09\\\/visual-text@4x.png\",\"contentUrl\":\"https:\\\/\\\/die-verkuppler.de\\\/wp-content\\\/uploads\\\/2021\\\/09\\\/visual-text@4x.png\",\"width\":1952,\"height\":623,\"caption\":\"Autoservice Kraichgau\"},\"image\":{\"@id\":\"https:\\\/\\\/shop.die-verkuppler.de\\\/fr\\\/#\\\/schema\\\/logo\\\/image\\\/\"},\"sameAs\":[\"https:\\\/\\\/www.facebook.com\\\/Kraichgau.Autoservice\",\"https:\\\/\\\/www.instagram.com\\\/autoservice.kraichgau\",\"https:\\\/\\\/de.linkedin.com\\\/in\\\/jonas-ockert-9a920b1b2\"],\"hasMerchantReturnPolicy\":{\"@type\":\"MerchantReturnPolicy\",\"merchantReturnLink\":\"https:\\\/\\\/shop.die-verkuppler.de\\\/widerruf\\\/\"}}]}<\/script>\n<meta property=\"product:price:amount\" content=\"132.80\" \/>\n<meta property=\"product:price:currency\" content=\"EUR\" \/>\n<meta property=\"og:availability\" content=\"instock\" \/>\n<meta property=\"product:availability\" content=\"instock\" \/>\n<meta property=\"product:retailer_item_id\" content=\"DVA10098\" \/>\n<meta property=\"product:condition\" content=\"new\" \/>\n<!-- \/ Yoast SEO plugin. -->","yoast_head_json":{"title":"Kit \u00e9lectrique attelage Fiat Ducato \/ Peugeot Boxer \/ Citro\u00ebn Jumper - 13 broches, avec pr\u00e9paration - Die Verkuppler","description":"Le meilleur kit \u00e9lectrique sp\u00e9cifique 13 broches pour \u00e9quiper votre Fiat Ducato \/ Citro\u00ebn Jumper ou Peugeot Boxer.","robots":{"index":"index","follow":"follow","max-snippet":"max-snippet:-1","max-image-preview":"max-image-preview:large","max-video-preview":"max-video-preview:-1"},"canonical":"https:\/\/shop.die-verkuppler.de\/fr\/produkt\/kit-electrique-attelage-fiat-ducato-peugeot-boxer-citroen-jumper-13-broches-avec-preparation\/","og_locale":"fr_FR","og_type":"article","og_title":"Kit \u00e9lectrique attelage Fiat Ducato \/ Peugeot Boxer \/ Citro\u00ebn Jumper - 13 broches, avec pr\u00e9paration - Die Verkuppler","og_description":"Le meilleur kit \u00e9lectrique sp\u00e9cifique 13 broches pour \u00e9quiper votre Fiat Ducato \/ Citro\u00ebn Jumper ou Peugeot Boxer.","og_url":"https:\/\/shop.die-verkuppler.de\/fr\/produkt\/kit-electrique-attelage-fiat-ducato-peugeot-boxer-citroen-jumper-13-broches-avec-preparation\/","og_site_name":"Die Verkuppler","article_publisher":"https:\/\/www.facebook.com\/Kraichgau.Autoservice","og_image":[{"width":1536,"height":1024,"url":"https:\/\/shop.die-verkuppler.de\/wp-content\/uploads\/2026\/02\/Elektrosatz-Fiat-Ducato-mit-Anhaengerkupplungs-Vorbereitung.png","type":"image\/png"}],"twitter_card":"summary_large_image","twitter_misc":{"Price":"132,80&nbsp;&euro;","Availability":"In stock"},"schema":{"@context":"https:\/\/schema.org","@graph":[{"@type":["WebPage","ItemPage"],"@id":"https:\/\/shop.die-verkuppler.de\/fr\/produkt\/kit-electrique-attelage-fiat-ducato-peugeot-boxer-citroen-jumper-13-broches-avec-preparation\/","url":"https:\/\/shop.die-verkuppler.de\/fr\/produkt\/kit-electrique-attelage-fiat-ducato-peugeot-boxer-citroen-jumper-13-broches-avec-preparation\/","name":"Kit \u00e9lectrique attelage Fiat Ducato \/ Peugeot Boxer \/ Citro\u00ebn Jumper - 13 broches, avec pr\u00e9paration - Die Verkuppler","isPartOf":{"@id":"https:\/\/shop.die-verkuppler.de\/fr\/#website"},"primaryImageOfPage":{"@id":"https:\/\/shop.die-verkuppler.de\/fr\/produkt\/kit-electrique-attelage-fiat-ducato-peugeot-boxer-citroen-jumper-13-broches-avec-preparation\/#primaryimage"},"image":{"@id":"https:\/\/shop.die-verkuppler.de\/fr\/produkt\/kit-electrique-attelage-fiat-ducato-peugeot-boxer-citroen-jumper-13-broches-avec-preparation\/#primaryimage"},"thumbnailUrl":"https:\/\/shop.die-verkuppler.de\/wp-content\/uploads\/2026\/02\/Elektrosatz-Fiat-Ducato-mit-Anhaengerkupplungs-Vorbereitung.png","datePublished":"2026-02-27T09:28:40+00:00","description":"Le meilleur kit \u00e9lectrique sp\u00e9cifique 13 broches pour \u00e9quiper votre Fiat Ducato \/ Citro\u00ebn Jumper ou Peugeot Boxer.","breadcrumb":{"@id":"https:\/\/shop.die-verkuppler.de\/fr\/produkt\/kit-electrique-attelage-fiat-ducato-peugeot-boxer-citroen-jumper-13-broches-avec-preparation\/#breadcrumb"},"inLanguage":"fr-FR","potentialAction":[{"@type":"ReadAction","target":["https:\/\/shop.die-verkuppler.de\/fr\/produkt\/kit-electrique-attelage-fiat-ducato-peugeot-boxer-citroen-jumper-13-broches-avec-preparation\/"]}]},{"@type":"ImageObject","inLanguage":"fr-FR","@id":"https:\/\/shop.die-verkuppler.de\/fr\/produkt\/kit-electrique-attelage-fiat-ducato-peugeot-boxer-citroen-jumper-13-broches-avec-preparation\/#primaryimage","url":"https:\/\/shop.die-verkuppler.de\/wp-content\/uploads\/2026\/02\/Elektrosatz-Fiat-Ducato-mit-Anhaengerkupplungs-Vorbereitung.png","contentUrl":"https:\/\/shop.die-verkuppler.de\/wp-content\/uploads\/2026\/02\/Elektrosatz-Fiat-Ducato-mit-Anhaengerkupplungs-Vorbereitung.png","width":1536,"height":1024,"caption":"Elektrosatz Fiat Ducato mit Anh\u00e4ngerkupplungs-Vorbereitung"},{"@type":"BreadcrumbList","@id":"https:\/\/shop.die-verkuppler.de\/fr\/produkt\/kit-electrique-attelage-fiat-ducato-peugeot-boxer-citroen-jumper-13-broches-avec-preparation\/#breadcrumb","itemListElement":[{"@type":"ListItem","position":1,"name":"Startseite","item":"https:\/\/shop.die-verkuppler.de\/fr\/boutique\/"},{"@type":"ListItem","position":2,"name":"Boutique","item":"https:\/\/shop.die-verkuppler.de\/fr\/boutique\/"},{"@type":"ListItem","position":3,"name":"Kit \u00e9lectrique attelage Fiat Ducato \/ Peugeot Boxer \/ Citro\u00ebn Jumper &#8211; 13 broches, avec pr\u00e9paration"}]},{"@type":"WebSite","@id":"https:\/\/shop.die-verkuppler.de\/fr\/#website","url":"https:\/\/shop.die-verkuppler.de\/fr\/","name":"Die Verkuppler","description":"Anh\u00e4ngerkupplung nachr\u00fcsten","publisher":{"@id":"https:\/\/shop.die-verkuppler.de\/fr\/#organization"},"potentialAction":[{"@type":"SearchAction","target":{"@type":"EntryPoint","urlTemplate":"https:\/\/shop.die-verkuppler.de\/fr\/?s={search_term_string}"},"query-input":{"@type":"PropertyValueSpecification","valueRequired":true,"valueName":"search_term_string"}}],"inLanguage":"fr-FR"},{"@type":"Organization","@id":"https:\/\/shop.die-verkuppler.de\/fr\/#organization","name":"Autoservice Kraichgau","url":"https:\/\/shop.die-verkuppler.de\/fr\/","logo":{"@type":"ImageObject","inLanguage":"fr-FR","@id":"https:\/\/shop.die-verkuppler.de\/fr\/#\/schema\/logo\/image\/","url":"https:\/\/die-verkuppler.de\/wp-content\/uploads\/2021\/09\/visual-text@4x.png","contentUrl":"https:\/\/die-verkuppler.de\/wp-content\/uploads\/2021\/09\/visual-text@4x.png","width":1952,"height":623,"caption":"Autoservice Kraichgau"},"image":{"@id":"https:\/\/shop.die-verkuppler.de\/fr\/#\/schema\/logo\/image\/"},"sameAs":["https:\/\/www.facebook.com\/Kraichgau.Autoservice","https:\/\/www.instagram.com\/autoservice.kraichgau","https:\/\/de.linkedin.com\/in\/jonas-ockert-9a920b1b2"],"hasMerchantReturnPolicy":{"@type":"MerchantReturnPolicy","merchantReturnLink":"https:\/\/shop.die-verkuppler.de\/widerruf\/"}}]},"product_price_amount":"132.80","product_price_currency":"EUR","og_availability":"instock","product_availability":"instock","product_retailer_item_id":"DVA10098","product_condition":"new"},"jetpack_sharing_enabled":true,"_links":{"self":[{"href":"https:\/\/shop.die-verkuppler.de\/fr\/wp-json\/wp\/v2\/product\/6657","targetHints":{"allow":["GET"]}}],"collection":[{"href":"https:\/\/shop.die-verkuppler.de\/fr\/wp-json\/wp\/v2\/product"}],"about":[{"href":"https:\/\/shop.die-verkuppler.de\/fr\/wp-json\/wp\/v2\/types\/product"}],"replies":[{"embeddable":true,"href":"https:\/\/shop.die-verkuppler.de\/fr\/wp-json\/wp\/v2\/comments?post=6657"}],"wp:featuredmedia":[{"embeddable":true,"href":"https:\/\/shop.die-verkuppler.de\/fr\/wp-json\/wp\/v2\/media\/6418"}],"wp:attachment":[{"href":"https:\/\/shop.die-verkuppler.de\/fr\/wp-json\/wp\/v2\/media?parent=6657"}],"wp:term":[{"taxonomy":"product_brand","embeddable":true,"href":"https:\/\/shop.die-verkuppler.de\/fr\/wp-json\/wp\/v2\/product_brand?post=6657"},{"taxonomy":"product_cat","embeddable":true,"href":"https:\/\/shop.die-verkuppler.de\/fr\/wp-json\/wp\/v2\/product_cat?post=6657"},{"taxonomy":"product_tag","embeddable":true,"href":"https:\/\/shop.die-verkuppler.de\/fr\/wp-json\/wp\/v2\/product_tag?post=6657"}],"curies":[{"name":"wp","href":"https:\/\/api.w.org\/{rel}","templated":true}]}}