{"id":6607,"date":"2025-04-11T13:27:29","date_gmt":"2025-04-11T11:27:29","guid":{"rendered":"https:\/\/shop.die-verkuppler.de\/expedition-livraison\/"},"modified":"2025-04-11T13:27:29","modified_gmt":"2025-04-11T11:27:29","slug":"expedition-livraison","status":"publish","type":"page","link":"https:\/\/shop.die-verkuppler.de\/fr\/expedition-livraison\/","title":{"rendered":"Exp\u00e9dition &amp; Livraison"},"content":{"rendered":"<p><strong>Prix, frais d&rsquo;exp\u00e9dition et informations de livraison<\/strong><\/p>\n<p>Les prix indiqu\u00e9s sur les pages produits incluent la TVA l\u00e9gale et d&rsquo;autres \u00e9l\u00e9ments de prix.<\/p>\n<p>Nous livrons uniquement en Allemagne et en Autriche.<\/p>\n<p>En plus des prix indiqu\u00e9s, nous facturons un forfait de 19,90 \u20ac par commande pour la livraison en Allemagne et en Autriche. Les frais d&rsquo;exp\u00e9dition vous seront clairement communiqu\u00e9s \u00e0 nouveau dans le panier et sur la page de commande.<\/p>\n<p>Le paiement contre remboursement n&rsquo;est pas propos\u00e9.<\/p>\n<p>Aucun frais d&rsquo;exp\u00e9dition n&rsquo;est factur\u00e9 pour les contenus num\u00e9riques (e-books, logiciels, etc.).<\/p>\n<p>Le forfait de frais d&rsquo;exp\u00e9dition s&rsquo;\u00e9l\u00e8ve \u00e0 19,90 euros. Le forfait de frais d&rsquo;exp\u00e9dition inclut la TVA l\u00e9gale. \u00c9tant donn\u00e9 que la TVA sur le forfait de frais d&rsquo;exp\u00e9dition est calcul\u00e9e en fonction des marchandises achet\u00e9es, elle peut \u00eatre r\u00e9duite si des marchandises sont achet\u00e9es \u00e0 des taux de TVA inf\u00e9rieurs (par exemple, lors de l&rsquo;achat de livres). Cela signifie que le forfait de frais d&rsquo;exp\u00e9dition ne peut \u00eatre calcul\u00e9 de mani\u00e8re d\u00e9finitive que pendant le processus de commande. Cependant, il ne peut pas \u00eatre plus \u00e9lev\u00e9, mais seulement plus bas en votre faveur.<\/p>\n","protected":false},"excerpt":{"rendered":"<p>Prix, frais d&rsquo;exp\u00e9dition et informations de livraison Les prix indiqu\u00e9s sur les pages produits incluent la TVA l\u00e9gale et d&rsquo;autres [&hellip;]<\/p>\n","protected":false},"author":3,"featured_media":0,"parent":0,"menu_order":0,"comment_status":"closed","ping_status":"closed","template":"","meta":{"footnotes":""},"class_list":["post-6607","page","type-page","status-publish","hentry"],"yoast_head":"<!-- This site is optimized with the Yoast SEO plugin v27.3 - https:\/\/yoast.com\/product\/yoast-seo-wordpress\/ -->\n<title>Exp\u00e9dition &amp; Livraison - Die Verkuppler<\/title>\n<meta name=\"robots\" content=\"index, follow, max-snippet:-1, max-image-preview:large, max-video-preview:-1\" \/>\n<link rel=\"canonical\" href=\"https:\/\/shop.die-verkuppler.de\/fr\/expedition-livraison\/\" \/>\n<meta property=\"og:locale\" content=\"fr_FR\" \/>\n<meta property=\"og:type\" content=\"article\" \/>\n<meta property=\"og:title\" content=\"Exp\u00e9dition &amp; Livraison - Die Verkuppler\" \/>\n<meta property=\"og:description\" content=\"Prix, frais d&rsquo;exp\u00e9dition et informations de livraison Les prix indiqu\u00e9s sur les pages produits incluent la TVA l\u00e9gale et d&rsquo;autres [&hellip;]\" \/>\n<meta property=\"og:url\" content=\"https:\/\/shop.die-verkuppler.de\/fr\/expedition-livraison\/\" \/>\n<meta property=\"og:site_name\" content=\"Die Verkuppler\" \/>\n<meta property=\"article:publisher\" content=\"https:\/\/www.facebook.com\/Kraichgau.Autoservice\" \/>\n<meta name=\"twitter:card\" content=\"summary_large_image\" \/>\n<meta name=\"twitter:label1\" content=\"Dur\u00e9e de lecture estim\u00e9e\" \/>\n\t<meta name=\"twitter:data1\" content=\"1 minute\" \/>\n<script type=\"application\/ld+json\" class=\"yoast-schema-graph\">{\"@context\":\"https:\\\/\\\/schema.org\",\"@graph\":[{\"@type\":\"WebPage\",\"@id\":\"https:\\\/\\\/shop.die-verkuppler.de\\\/fr\\\/expedition-livraison\\\/\",\"url\":\"https:\\\/\\\/shop.die-verkuppler.de\\\/fr\\\/expedition-livraison\\\/\",\"name\":\"Exp\u00e9dition &amp; Livraison - Die Verkuppler\",\"isPartOf\":{\"@id\":\"https:\\\/\\\/shop.die-verkuppler.de\\\/fr\\\/#website\"},\"datePublished\":\"2025-04-11T11:27:29+00:00\",\"breadcrumb\":{\"@id\":\"https:\\\/\\\/shop.die-verkuppler.de\\\/fr\\\/expedition-livraison\\\/#breadcrumb\"},\"inLanguage\":\"fr-FR\",\"potentialAction\":[{\"@type\":\"ReadAction\",\"target\":[\"https:\\\/\\\/shop.die-verkuppler.de\\\/fr\\\/expedition-livraison\\\/\"]}]},{\"@type\":\"BreadcrumbList\",\"@id\":\"https:\\\/\\\/shop.die-verkuppler.de\\\/fr\\\/expedition-livraison\\\/#breadcrumb\",\"itemListElement\":[{\"@type\":\"ListItem\",\"position\":1,\"name\":\"Startseite\",\"item\":\"https:\\\/\\\/shop.die-verkuppler.de\\\/fr\\\/boutique\\\/\"},{\"@type\":\"ListItem\",\"position\":2,\"name\":\"Exp\u00e9dition &amp; Livraison\"}]},{\"@type\":\"WebSite\",\"@id\":\"https:\\\/\\\/shop.die-verkuppler.de\\\/fr\\\/#website\",\"url\":\"https:\\\/\\\/shop.die-verkuppler.de\\\/fr\\\/\",\"name\":\"Die Verkuppler\",\"description\":\"Anh\u00e4ngerkupplung nachr\u00fcsten\",\"publisher\":{\"@id\":\"https:\\\/\\\/shop.die-verkuppler.de\\\/fr\\\/#organization\"},\"potentialAction\":[{\"@type\":\"SearchAction\",\"target\":{\"@type\":\"EntryPoint\",\"urlTemplate\":\"https:\\\/\\\/shop.die-verkuppler.de\\\/fr\\\/?s={search_term_string}\"},\"query-input\":{\"@type\":\"PropertyValueSpecification\",\"valueRequired\":true,\"valueName\":\"search_term_string\"}}],\"inLanguage\":\"fr-FR\"},{\"@type\":\"Organization\",\"@id\":\"https:\\\/\\\/shop.die-verkuppler.de\\\/fr\\\/#organization\",\"name\":\"Autoservice Kraichgau\",\"url\":\"https:\\\/\\\/shop.die-verkuppler.de\\\/fr\\\/\",\"logo\":{\"@type\":\"ImageObject\",\"inLanguage\":\"fr-FR\",\"@id\":\"https:\\\/\\\/shop.die-verkuppler.de\\\/fr\\\/#\\\/schema\\\/logo\\\/image\\\/\",\"url\":\"https:\\\/\\\/die-verkuppler.de\\\/wp-content\\\/uploads\\\/2021\\\/09\\\/visual-text@4x.png\",\"contentUrl\":\"https:\\\/\\\/die-verkuppler.de\\\/wp-content\\\/uploads\\\/2021\\\/09\\\/visual-text@4x.png\",\"width\":1952,\"height\":623,\"caption\":\"Autoservice Kraichgau\"},\"image\":{\"@id\":\"https:\\\/\\\/shop.die-verkuppler.de\\\/fr\\\/#\\\/schema\\\/logo\\\/image\\\/\"},\"sameAs\":[\"https:\\\/\\\/www.facebook.com\\\/Kraichgau.Autoservice\",\"https:\\\/\\\/www.instagram.com\\\/autoservice.kraichgau\",\"https:\\\/\\\/de.linkedin.com\\\/in\\\/jonas-ockert-9a920b1b2\"],\"hasMerchantReturnPolicy\":{\"@type\":\"MerchantReturnPolicy\",\"merchantReturnLink\":\"https:\\\/\\\/shop.die-verkuppler.de\\\/widerruf\\\/\"}}]}<\/script>\n<!-- \/ Yoast SEO plugin. -->","yoast_head_json":{"title":"Exp\u00e9dition &amp; Livraison - Die Verkuppler","robots":{"index":"index","follow":"follow","max-snippet":"max-snippet:-1","max-image-preview":"max-image-preview:large","max-video-preview":"max-video-preview:-1"},"canonical":"https:\/\/shop.die-verkuppler.de\/fr\/expedition-livraison\/","og_locale":"fr_FR","og_type":"article","og_title":"Exp\u00e9dition &amp; Livraison - Die Verkuppler","og_description":"Prix, frais d&rsquo;exp\u00e9dition et informations de livraison Les prix indiqu\u00e9s sur les pages produits incluent la TVA l\u00e9gale et d&rsquo;autres [&hellip;]","og_url":"https:\/\/shop.die-verkuppler.de\/fr\/expedition-livraison\/","og_site_name":"Die Verkuppler","article_publisher":"https:\/\/www.facebook.com\/Kraichgau.Autoservice","twitter_card":"summary_large_image","twitter_misc":{"Dur\u00e9e de lecture estim\u00e9e":"1 minute"},"schema":{"@context":"https:\/\/schema.org","@graph":[{"@type":"WebPage","@id":"https:\/\/shop.die-verkuppler.de\/fr\/expedition-livraison\/","url":"https:\/\/shop.die-verkuppler.de\/fr\/expedition-livraison\/","name":"Exp\u00e9dition &amp; Livraison - Die Verkuppler","isPartOf":{"@id":"https:\/\/shop.die-verkuppler.de\/fr\/#website"},"datePublished":"2025-04-11T11:27:29+00:00","breadcrumb":{"@id":"https:\/\/shop.die-verkuppler.de\/fr\/expedition-livraison\/#breadcrumb"},"inLanguage":"fr-FR","potentialAction":[{"@type":"ReadAction","target":["https:\/\/shop.die-verkuppler.de\/fr\/expedition-livraison\/"]}]},{"@type":"BreadcrumbList","@id":"https:\/\/shop.die-verkuppler.de\/fr\/expedition-livraison\/#breadcrumb","itemListElement":[{"@type":"ListItem","position":1,"name":"Startseite","item":"https:\/\/shop.die-verkuppler.de\/fr\/boutique\/"},{"@type":"ListItem","position":2,"name":"Exp\u00e9dition &amp; Livraison"}]},{"@type":"WebSite","@id":"https:\/\/shop.die-verkuppler.de\/fr\/#website","url":"https:\/\/shop.die-verkuppler.de\/fr\/","name":"Die Verkuppler","description":"Anh\u00e4ngerkupplung nachr\u00fcsten","publisher":{"@id":"https:\/\/shop.die-verkuppler.de\/fr\/#organization"},"potentialAction":[{"@type":"SearchAction","target":{"@type":"EntryPoint","urlTemplate":"https:\/\/shop.die-verkuppler.de\/fr\/?s={search_term_string}"},"query-input":{"@type":"PropertyValueSpecification","valueRequired":true,"valueName":"search_term_string"}}],"inLanguage":"fr-FR"},{"@type":"Organization","@id":"https:\/\/shop.die-verkuppler.de\/fr\/#organization","name":"Autoservice Kraichgau","url":"https:\/\/shop.die-verkuppler.de\/fr\/","logo":{"@type":"ImageObject","inLanguage":"fr-FR","@id":"https:\/\/shop.die-verkuppler.de\/fr\/#\/schema\/logo\/image\/","url":"https:\/\/die-verkuppler.de\/wp-content\/uploads\/2021\/09\/visual-text@4x.png","contentUrl":"https:\/\/die-verkuppler.de\/wp-content\/uploads\/2021\/09\/visual-text@4x.png","width":1952,"height":623,"caption":"Autoservice Kraichgau"},"image":{"@id":"https:\/\/shop.die-verkuppler.de\/fr\/#\/schema\/logo\/image\/"},"sameAs":["https:\/\/www.facebook.com\/Kraichgau.Autoservice","https:\/\/www.instagram.com\/autoservice.kraichgau","https:\/\/de.linkedin.com\/in\/jonas-ockert-9a920b1b2"],"hasMerchantReturnPolicy":{"@type":"MerchantReturnPolicy","merchantReturnLink":"https:\/\/shop.die-verkuppler.de\/widerruf\/"}}]}},"jetpack_sharing_enabled":true,"_links":{"self":[{"href":"https:\/\/shop.die-verkuppler.de\/fr\/wp-json\/wp\/v2\/pages\/6607","targetHints":{"allow":["GET"]}}],"collection":[{"href":"https:\/\/shop.die-verkuppler.de\/fr\/wp-json\/wp\/v2\/pages"}],"about":[{"href":"https:\/\/shop.die-verkuppler.de\/fr\/wp-json\/wp\/v2\/types\/page"}],"author":[{"embeddable":true,"href":"https:\/\/shop.die-verkuppler.de\/fr\/wp-json\/wp\/v2\/users\/3"}],"replies":[{"embeddable":true,"href":"https:\/\/shop.die-verkuppler.de\/fr\/wp-json\/wp\/v2\/comments?post=6607"}],"version-history":[{"count":0,"href":"https:\/\/shop.die-verkuppler.de\/fr\/wp-json\/wp\/v2\/pages\/6607\/revisions"}],"wp:attachment":[{"href":"https:\/\/shop.die-verkuppler.de\/fr\/wp-json\/wp\/v2\/media?parent=6607"}],"curies":[{"name":"wp","href":"https:\/\/api.w.org\/{rel}","templated":true}]}}